{"id":3106,"date":"2026-03-02T23:55:07","date_gmt":"2026-03-02T22:55:07","guid":{"rendered":"https:\/\/apt.cz\/?page_id=3106"},"modified":"2026-03-07T18:51:26","modified_gmt":"2026-03-07T17:51:26","slug":"tvps","status":"publish","type":"page","link":"https:\/\/apt.cz\/en\/tvps\/","title":{"rendered":"HRS Training Simulator"},"content":{"rendered":"\n<section class=\"base-section u-posr --none\">\n  <div class=\"base-section__container d-flex flex-column gap-7 container\">\n        \n<header class=\"base-header d-flex flex-column align-items-center text-center gap-3\">\n\n  \n  <h1 class=\"base-heading mb-0 u-fw-700 u-text-balance u-h2\">\n            Hydrogen Refuelling Station Training Simulator\n      <\/h1>\n\n  \n  \n  \n\n<\/header>\n\n\n  \n      <\/div>\n\n  <\/section>\n\n\n\n<section class=\"base-section u-posr\">\n  <div class=\"base-section__container d-flex flex-column gap-7 container\">\n        \n<div class=\"g-text-and-media d-flex flex-column gap-4 --default\">\n\n  <div class=\"g-text-and-media__col --media-col w-100\">\n    \n<div class=\"i-media u-posr overflow-hidden u-radius-sm\">\n      \n<div class=\"img u-posr overflow-hidden d-block --cover --placeholder  --ratio-3:2\">\n  <picture>\n    \n    <img loading=\"lazy\" decoding=\"async\" src=\"\" data-src=\"https:\/\/apt.cz\/wp-content\/uploads\/2026\/03\/20250929_145223-scaled-668x445-c-center.webp\" alt=\"HRS Training Simulator - APT\" width=\"668\" height=\"445\" draggable=\"false\" srcset=\"\" data-srcset=\"https:\/\/apt.cz\/wp-content\/uploads\/2026\/03\/20250929_145223-scaled-668x445-c-center.webp 1x, https:\/\/apt.cz\/wp-content\/uploads\/2026\/03\/20250929_145223-scaled-1336x890-c-center.webp 2x\">\n  <\/picture>\n<\/div>\n  \n  <\/div>\n  <\/div>\n\n  <div class=\"g-text-and-media__col --content-col w-100 align-self-center d-flex flex-column gap-3\">\n\n          <header class=\"base-header d-flex flex-column align-items-center text-center gap-3 --left g-text-and-media__header-in\">\n\n        \n  <h3 class=\"base-heading mb-0 u-fw-700 u-text-balance u-h2\">\n            Represents the real operation of HRS\n      <\/h3>\n\n  \n  \n  \n\n<\/header>\n    \n          <div class=\"g-text-and-media__body entry-content u-fz-md\">\n                          \n\n<ul class=\"wp-block-list\">\n<li class=\"has-small-font-size\">Simulates refuelling at 350 bar and 700 bar<\/li>\n\n\n\n<li>Control of the simulator corresponds to a real station control system<\/li>\n\n\n\n<li>Equipment respects the safety rules used in real hydrogen stations<\/li>\n\n\n\n<li>Communication with the customer takes place via a standard display interface<\/li>\n\n\n\n<li>The simulator also includes a payment terminal<\/li>\n\n\n\n<li>The device is installed in a dedicated training classroom<\/li>\n\n\n\n<li>Enables setting different operating and boundary conditions<\/li>\n\n\n\n<li>Simulates possible real fault states<\/li>\n<\/ul>\n\n\n              <\/div>\n    \n    \n\n\n\n\n  <\/div>\n\n<\/div>\n\n\n<div class=\"g-text-and-media d-flex flex-column gap-4 --reverse\">\n\n  <div class=\"g-text-and-media__col --media-col w-100\">\n    \n<div class=\"i-media u-posr overflow-hidden u-radius-sm\">\n      \n<div class=\"img u-posr overflow-hidden d-block --cover --placeholder  --ratio-3:2\">\n  <picture>\n    \n    <img loading=\"lazy\" decoding=\"async\" src=\"\" data-src=\"https:\/\/apt.cz\/wp-content\/uploads\/2026\/03\/20250923_170105-scaled-668x445-c-center.webp\" alt=\"HRS Training Simulator - APT\" width=\"668\" height=\"445\" draggable=\"false\" srcset=\"\" data-srcset=\"https:\/\/apt.cz\/wp-content\/uploads\/2026\/03\/20250923_170105-scaled-668x445-c-center.webp 1x, https:\/\/apt.cz\/wp-content\/uploads\/2026\/03\/20250923_170105-scaled-1336x890-c-center.webp 2x\">\n  <\/picture>\n<\/div>\n  \n  <\/div>\n  <\/div>\n\n  <div class=\"g-text-and-media__col --content-col w-100 align-self-center d-flex flex-column gap-3\">\n\n          <header class=\"base-header d-flex flex-column align-items-center text-center gap-3 --left g-text-and-media__header-in\">\n\n        \n  <h3 class=\"base-heading mb-0 u-fw-700 u-text-balance u-h2\">\n            Unique Device Designed Mainly For:\n      <\/h3>\n\n  \n  \n  \n\n<\/header>\n    \n          <div class=\"g-text-and-media__body entry-content u-fz-md\">\n                          \n\n<ul class=\"wp-block-list\">\n<li class=\"has-small-font-size\">Specialized training at vocational secondary schools<\/li>\n\n\n\n<li>Training of future operators of hydrogen refuelling stations<\/li>\n\n\n\n<li class=\"has-small-font-size\">Preparation of experts working with regulated gas and pressure equipment according to Czech Government Regulations No. 191 and 192\/2022<\/li>\n<\/ul>\n\n\n              <\/div>\n    \n    \n\n\n\n\n  <\/div>\n\n<\/div>\n\n\n<div class=\"g-text-and-media d-flex flex-column gap-4 --default\">\n\n  <div class=\"g-text-and-media__col --media-col w-100\">\n    \n<div class=\"i-media u-posr overflow-hidden u-radius-sm\">\n      \n<div class=\"img u-posr overflow-hidden d-block --cover --placeholder  --ratio-3:2\">\n  <picture>\n    \n    <img loading=\"lazy\" decoding=\"async\" src=\"\" data-src=\"https:\/\/apt.cz\/wp-content\/uploads\/2026\/03\/obrazovka-scaled-668x445-c-center.webp\" alt=\"HRS Training Simulator - APT\" width=\"668\" height=\"445\" draggable=\"false\" srcset=\"\" data-srcset=\"https:\/\/apt.cz\/wp-content\/uploads\/2026\/03\/obrazovka-scaled-668x445-c-center.webp 1x, https:\/\/apt.cz\/wp-content\/uploads\/2026\/03\/obrazovka-scaled-1336x890-c-center.webp 2x\">\n  <\/picture>\n<\/div>\n  \n  <\/div>\n  <\/div>\n\n  <div class=\"g-text-and-media__col --content-col w-100 align-self-center d-flex flex-column gap-3\">\n\n          <header class=\"base-header d-flex flex-column align-items-center text-center gap-3 --left g-text-and-media__header-in\">\n\n        \n  <h3 class=\"base-heading mb-0 u-fw-700 u-text-balance u-h2\">\n            Visualization of the Technological Process\n      <\/h3>\n\n  \n  \n  \n\n<\/header>\n    \n          <div class=\"g-text-and-media__body entry-content u-fz-md\">\n                  The visualization includes mainly:\n                          \n\n<ul class=\"wp-block-list\">\n<li>Hydrogen supply process to the station<\/li>\n\n\n\n<li>Compressor unit performance<\/li>\n\n\n\n<li>Logic of high-pressure storage tank filling<\/li>\n\n\n\n<li>Principle of the valve block operation<\/li>\n\n\n\n<li>The hydrogen refuelling process for vehicles<\/li>\n\n\n\n<li>Safety functions<\/li>\n\n\n\n<li>Configuration of fault states<\/li>\n\n\n\n<li>Voice announcements and sound of real technological equipment<\/li>\n<\/ul>\n\n\n              <\/div>\n    \n    \n\n\n\n\n  <\/div>\n\n<\/div>\n\n\n<div class=\"g-text-and-media d-flex flex-column gap-4 --reverse\">\n\n  <div class=\"g-text-and-media__col --media-col w-100\">\n    \n<div class=\"i-media u-posr overflow-hidden u-radius-sm\">\n      \n<div class=\"img u-posr overflow-hidden d-block --cover --placeholder  --ratio-3:2\">\n  <picture>\n    \n    <img loading=\"lazy\" decoding=\"async\" src=\"\" data-src=\"https:\/\/apt.cz\/wp-content\/uploads\/2026\/03\/20250923_170052-scaled-668x445-c-center.webp\" alt=\"HRS Training Simulator - APT\" width=\"668\" height=\"445\" draggable=\"false\" srcset=\"\" data-srcset=\"https:\/\/apt.cz\/wp-content\/uploads\/2026\/03\/20250923_170052-scaled-668x445-c-center.webp 1x, https:\/\/apt.cz\/wp-content\/uploads\/2026\/03\/20250923_170052-scaled-1336x890-c-center.webp 2x\">\n  <\/picture>\n<\/div>\n  \n  <\/div>\n  <\/div>\n\n  <div class=\"g-text-and-media__col --content-col w-100 align-self-center d-flex flex-column gap-3\">\n\n          <header class=\"base-header d-flex flex-column align-items-center text-center gap-3 --left g-text-and-media__header-in\">\n\n        \n  <h3 class=\"base-heading mb-0 u-fw-700 u-text-balance u-h2\">\n            Realistic Training Simulator\n      <\/h3>\n\n  \n  \n  \n\n<\/header>\n    \n          <div class=\"g-text-and-media__body entry-content u-fz-md\">\n                  The simulator enables, among other things:\n                          \n\n<ul class=\"wp-block-list\">\n<li>Familiarization with real components used in hydrogen refuelling station technology<\/li>\n\n\n\n<li>Understanding their design principles<\/li>\n\n\n\n<li>Learning occupational safety rules and technical equipment safety<\/li>\n\n\n\n<li>Understanding methods of pressure-tight connections and their quality evaluation<\/li>\n\n\n\n<li>Gaining practical hands-on experience during model assembly and disassembly of selected components of the dispensing equipment<\/li>\n<\/ul>\n\n\n              <\/div>\n    \n    \n\n\n\n\n  <\/div>\n\n<\/div>\n\n\n\n<div class=\"row justify-content-center\">\n  <div class=\"col-12\">\n\n    <div class=\"entry-content\"><\/div>\n\n  <\/div>\n<\/div>\n\n\n\n<div class=\"row justify-content-center\">\n  <div class=\"col-12\">\n\n    <div class=\"entry-content\">\n\n<h2 class=\"wp-block-heading\">Video Report about the Hydrogen Refuelling Station Simulator<\/h2>\n\n\n\n<figure class=\"wp-block-embed is-type-video is-provider-youtube wp-block-embed-youtube wp-embed-aspect-16-9 wp-has-aspect-ratio\"><div class=\"wp-block-embed__wrapper\">\n<iframe loading=\"lazy\" title=\"ESOZ vod\u00edk trena\u017eer\" width=\"500\" height=\"281\" src=\"https:\/\/www.youtube.com\/embed\/kmg7X6rGg_s?feature=oembed\" frameborder=\"0\" allow=\"accelerometer; autoplay; clipboard-write; encrypted-media; gyroscope; picture-in-picture; web-share\" referrerpolicy=\"strict-origin-when-cross-origin\" allowfullscreen><\/iframe>\n<\/div><\/figure>\n\n<\/div>\n\n  <\/div>\n<\/div>\n\n\n\n<div class=\"row justify-content-center\">\n  <div class=\"col-12\">\n\n    <div class=\"entry-content\"><\/div>\n\n  <\/div>\n<\/div>\n\n\n\n<div class=\"row justify-content-center\">\n  <div class=\"col-12\">\n\n    <div class=\"entry-content\">\n\n<h3 class=\"wp-block-heading\">Interested in this unique simulator? Contact us!<\/h3>\n\n\n\n<h3 class=\"wp-block-heading\"><a href=\"mailto:info@apt.cz\">info@apt.cz<\/a><\/h3>\n\n<\/div>\n\n  <\/div>\n<\/div>\n\n\n  \n      <\/div>\n\n  <\/section>\n","protected":false},"excerpt":{"rendered":"","protected":false},"author":6,"featured_media":0,"parent":0,"menu_order":0,"comment_status":"closed","ping_status":"closed","template":"","meta":{"footnotes":""},"class_list":["post-3106","page","type-page","status-publish","hentry"],"yoast_head":"<!-- This site is optimized with the Yoast SEO plugin v26.1.1 - https:\/\/yoast.com\/wordpress\/plugins\/seo\/ -->\n<title>HRS Training Simulator - APT<\/title>\n<meta name=\"description\" content=\"Simulates refuelling at 350 bar and 700 bar Control of the simulator corresponds to a real station control system Equipment respects the safety rules used\" \/>\n<meta name=\"robots\" content=\"index, follow, max-snippet:-1, max-image-preview:large, max-video-preview:-1\" \/>\n<link rel=\"canonical\" href=\"https:\/\/apt.cz\/en\/tvps\/\" \/>\n<meta property=\"og:locale\" content=\"en_US\" \/>\n<meta property=\"og:type\" content=\"article\" \/>\n<meta property=\"og:title\" content=\"HRS Training Simulator - APT\" \/>\n<meta property=\"og:description\" content=\"Simulates refuelling at 350 bar and 700 bar Control of the simulator corresponds to a real station control system Equipment respects the safety rules used\" \/>\n<meta property=\"og:url\" content=\"https:\/\/apt.cz\/en\/tvps\/\" \/>\n<meta property=\"og:site_name\" content=\"APT\" \/>\n<meta property=\"article:publisher\" content=\"https:\/\/www.facebook.com\/APT.Gas.Technologies\" \/>\n<meta property=\"article:modified_time\" content=\"2026-03-07T17:51:26+00:00\" \/>\n<meta property=\"og:image\" content=\"https:\/\/apt.cz\/wp-content\/uploads\/2025\/11\/APT-EG_C-1-scaled-1.webp\" \/>\n\t<meta property=\"og:image:width\" content=\"2560\" \/>\n\t<meta property=\"og:image:height\" content=\"1535\" \/>\n\t<meta property=\"og:image:type\" content=\"image\/webp\" \/>\n<meta name=\"twitter:card\" content=\"summary_large_image\" \/>\n<meta name=\"twitter:site\" content=\"@AptGasTech\" \/>\n<!-- \/ Yoast SEO plugin. -->","yoast_head_json":{"title":"HRS Training Simulator - APT","description":"Simulates refuelling at 350 bar and 700 bar Control of the simulator corresponds to a real station control system Equipment respects the safety rules used","robots":{"index":"index","follow":"follow","max-snippet":"max-snippet:-1","max-image-preview":"max-image-preview:large","max-video-preview":"max-video-preview:-1"},"canonical":"https:\/\/apt.cz\/en\/tvps\/","og_locale":"en_US","og_type":"article","og_title":"HRS Training Simulator - APT","og_description":"Simulates refuelling at 350 bar and 700 bar Control of the simulator corresponds to a real station control system Equipment respects the safety rules used","og_url":"https:\/\/apt.cz\/en\/tvps\/","og_site_name":"APT","article_publisher":"https:\/\/www.facebook.com\/APT.Gas.Technologies","article_modified_time":"2026-03-07T17:51:26+00:00","og_image":[{"width":2560,"height":1535,"url":"https:\/\/apt.cz\/wp-content\/uploads\/2025\/11\/APT-EG_C-1-scaled-1.webp","type":"image\/webp"}],"twitter_card":"summary_large_image","twitter_site":"@AptGasTech","schema":{"@context":"https:\/\/schema.org","@graph":[{"@type":"WebPage","@id":"https:\/\/apt.cz\/en\/tvps\/","url":"https:\/\/apt.cz\/en\/tvps\/","name":"HRS Training Simulator - APT","isPartOf":{"@id":"https:\/\/apt.cz\/#website"},"datePublished":"2026-03-02T22:55:07+00:00","dateModified":"2026-03-07T17:51:26+00:00","description":"Simulates refuelling at 350 bar and 700 bar Control of the simulator corresponds to a real station control system Equipment respects the safety rules used","breadcrumb":{"@id":"https:\/\/apt.cz\/en\/tvps\/#breadcrumb"},"inLanguage":"en-US","potentialAction":[{"@type":"ReadAction","target":["https:\/\/apt.cz\/en\/tvps\/"]}]},{"@type":"BreadcrumbList","@id":"https:\/\/apt.cz\/en\/tvps\/#breadcrumb","itemListElement":[{"@type":"ListItem","position":1,"name":"Dom\u016f","item":"https:\/\/apt.cz\/en\/"},{"@type":"ListItem","position":2,"name":"HRS Training Simulator"}]},{"@type":"WebSite","@id":"https:\/\/apt.cz\/#website","url":"https:\/\/apt.cz\/","name":"APT - Process Technologies & Automation","description":"Kompletn\u00ed dod\u00e1vky procesn\u00edch technologi\u00ed","publisher":{"@id":"https:\/\/apt.cz\/#organization"},"potentialAction":[{"@type":"SearchAction","target":{"@type":"EntryPoint","urlTemplate":"https:\/\/apt.cz\/?s={search_term_string}"},"query-input":{"@type":"PropertyValueSpecification","valueRequired":true,"valueName":"search_term_string"}}],"inLanguage":"en-US"},{"@type":"Organization","@id":"https:\/\/apt.cz\/#organization","name":"APT - Process Technologies & Automation","url":"https:\/\/apt.cz\/","logo":{"@type":"ImageObject","inLanguage":"en-US","@id":"https:\/\/apt.cz\/#\/schema\/logo\/image\/","url":"https:\/\/apt.cz\/wp-content\/uploads\/2025\/11\/APT-EG_C-1-scaled.webp","contentUrl":"https:\/\/apt.cz\/wp-content\/uploads\/2025\/11\/APT-EG_C-1-scaled.webp","width":2560,"height":1535,"caption":"APT - Process Technologies & Automation"},"image":{"@id":"https:\/\/apt.cz\/#\/schema\/logo\/image\/"},"sameAs":["https:\/\/www.facebook.com\/APT.Gas.Technologies","https:\/\/x.com\/AptGasTech"]}]}},"_links":{"self":[{"href":"https:\/\/apt.cz\/en\/wp-json\/wp\/v2\/pages\/3106","targetHints":{"allow":["GET"]}}],"collection":[{"href":"https:\/\/apt.cz\/en\/wp-json\/wp\/v2\/pages"}],"about":[{"href":"https:\/\/apt.cz\/en\/wp-json\/wp\/v2\/types\/page"}],"author":[{"embeddable":true,"href":"https:\/\/apt.cz\/en\/wp-json\/wp\/v2\/users\/6"}],"replies":[{"embeddable":true,"href":"https:\/\/apt.cz\/en\/wp-json\/wp\/v2\/comments?post=3106"}],"version-history":[{"count":38,"href":"https:\/\/apt.cz\/en\/wp-json\/wp\/v2\/pages\/3106\/revisions"}],"predecessor-version":[{"id":3169,"href":"https:\/\/apt.cz\/en\/wp-json\/wp\/v2\/pages\/3106\/revisions\/3169"}],"wp:attachment":[{"href":"https:\/\/apt.cz\/en\/wp-json\/wp\/v2\/media?parent=3106"}],"curies":[{"name":"wp","href":"https:\/\/api.w.org\/{rel}","templated":true}]}}