{"id":1283,"date":"2025-02-02T14:22:55","date_gmt":"2025-02-02T13:22:55","guid":{"rendered":"https:\/\/apt.cz\/zasobovani-plyny\/"},"modified":"2026-01-15T13:14:35","modified_gmt":"2026-01-15T12:14:35","slug":"en-gas-supply-technical-medical","status":"publish","type":"page","link":"https:\/\/apt.cz\/en\/en-gas-supply-technical-medical\/","title":{"rendered":"Gas supply"},"content":{"rendered":"\n<section class=\"base-section u-posr --none\">\n  <div class=\"base-section__container d-flex flex-column gap-7 container\">\n        \n<header class=\"base-header d-flex flex-column align-items-center text-center gap-3\">\n\n  \n  <h1 class=\"base-heading mb-0 u-fw-700 u-text-balance u-h2\">\n            Gas supply\n      <\/h1>\n\n      <div class=\"base-header__description entry-content mb-0\">We supply complete technological solutions for the supply, distribution, and regulation of technical and medical gases. Our systems are designed for industry, healthcare, laboratories, food and agricultural operations, and refrigeration and freezing technologies. We provide <strong>design, delivery, installation, and servicing of all equipment<\/strong>, including inspections, pressure testing, and commissioning.<\/div>\n  \n  \n  \n\n<\/header>\n\n\n<div class=\"g-text-and-media d-flex flex-column gap-4 --reverse\">\n\n  <div class=\"g-text-and-media__col --media-col w-100\">\n    \n<div class=\"i-media u-posr overflow-hidden u-radius-sm\">\n      \n<div class=\"img u-posr overflow-hidden d-block --cover --placeholder  --ratio-3:2\">\n  <picture>\n    \n    <img loading=\"lazy\" decoding=\"async\" src=\"\" data-src=\"https:\/\/apt.cz\/wp-content\/uploads\/2025\/03\/3d-rendering-gas-cylinder-2-scaled-668x445-c-center.webp\" alt=\"Gas supply - APT\" width=\"668\" height=\"445\" draggable=\"false\" srcset=\"\" data-srcset=\"https:\/\/apt.cz\/wp-content\/uploads\/2025\/03\/3d-rendering-gas-cylinder-2-scaled-668x445-c-center.webp 1x, https:\/\/apt.cz\/wp-content\/uploads\/2025\/03\/3d-rendering-gas-cylinder-2-scaled-1336x890-c-center.webp 2x\">\n  <\/picture>\n<\/div>\n  \n  <\/div>\n  <\/div>\n\n  <div class=\"g-text-and-media__col --content-col w-100 align-self-center d-flex flex-column gap-3\">\n\n          <header class=\"base-header d-flex flex-column align-items-center text-center gap-3 --left g-text-and-media__header-in\">\n\n        \n  <h2 class=\"base-heading mb-0 u-fw-700 u-text-balance u-h2\">\n            <strong>Media sources<\/strong>\n      <\/h2>\n\n  \n  \n  \n\n<\/header>\n    \n          <div class=\"g-text-and-media__body entry-content u-fz-md\">\n                          \n\n<ul class=\"wp-block-list\">\n<li><strong>Pressure vessels and pressure cylinder bundles<\/strong> \u2013 delivery, installation, and periodic inspections.<\/li>\n\n\n\n<li><strong>Stable cryogenic storage tanks<\/strong> \u2013 installation of stationary tanks for liquid gases (O\u2082, N\u2082, Ar, CO\u2082, LNG, etc.).<\/li>\n\n\n\n<li><strong>Mobile cryogenic storage tanks <\/strong>\u2013 solutions for flexible and operationally independent supply.<\/li>\n\n\n\n<li><strong>Stable storage tanks for compressed gases<\/strong> \u2013 complete equipment for long-term storage of gases under pressure.<\/li>\n<\/ul>\n\n\n              <\/div>\n    \n    \n\n\n\n\n  <\/div>\n\n<\/div>\n\n\n  \n      <\/div>\n\n  <\/section>\n\n\n\n<section class=\"base-section u-posr --bottom-0\">\n  <div class=\"base-section__container d-flex flex-column gap-7 container\">\n        \n<div class=\"g-text-and-media d-flex flex-column gap-4 --default\">\n\n  <div class=\"g-text-and-media__col --media-col w-100\">\n    \n<div class=\"i-media u-posr overflow-hidden u-radius-sm\">\n      \n<div class=\"img u-posr overflow-hidden d-block --cover --placeholder  --ratio-3:2\">\n  <picture>\n    \n    <img loading=\"lazy\" decoding=\"async\" src=\"\" data-src=\"https:\/\/apt.cz\/wp-content\/uploads\/2025\/10\/DSC06935-668x445-c-center.webp\" alt=\"Gas supply - APT\" width=\"668\" height=\"445\" draggable=\"false\" srcset=\"\" data-srcset=\"https:\/\/apt.cz\/wp-content\/uploads\/2025\/10\/DSC06935-668x445-c-center.webp 1x, https:\/\/apt.cz\/wp-content\/uploads\/2025\/10\/DSC06935-1336x890-c-center.webp 2x\">\n  <\/picture>\n<\/div>\n  \n  <\/div>\n  <\/div>\n\n  <div class=\"g-text-and-media__col --content-col w-100 align-self-center d-flex flex-column gap-3\">\n\n          <header class=\"base-header d-flex flex-column align-items-center text-center gap-3 --left g-text-and-media__header-in\">\n\n        \n  <h2 class=\"base-heading mb-0 u-fw-700 u-text-balance u-h2\">\n            <strong>Fittings and equipment for changing the state of matter<\/strong>\n      <\/h2>\n\n  \n  \n  \n\n<\/header>\n    \n          <div class=\"g-text-and-media__body entry-content u-fz-md\">\n                          \n\n<ul class=\"wp-block-list\">\n<li><strong>Electric, atmospheric, and steam evaporators and heaters<\/strong> \u2013 conversion of liquid media into gas, including power and temperature control.<\/li>\n\n\n\n<li><strong>Reduction and control stations<\/strong> \u2013 pressure and flow control with mechanical and electronic control options.<\/li>\n\n\n\n<li><strong>Dosing pumps and booster compressors<\/strong> \u2013 ensuring the necessary pressure and dosing of media according to process requirements..<\/li>\n<\/ul>\n\n\n              <\/div>\n    \n    \n\n\n\n\n  <\/div>\n\n<\/div>\n\n\n  \n      <\/div>\n\n  <\/section>\n\n\n\n<section class=\"base-section u-posr --bottom-0\">\n  <div class=\"base-section__container d-flex flex-column gap-7 container\">\n        \n<div class=\"g-text-and-media d-flex flex-column gap-4 --reverse\">\n\n  <div class=\"g-text-and-media__col --media-col w-100\">\n    \n<div class=\"i-media u-posr overflow-hidden u-radius-sm\">\n      \n<div class=\"img u-posr overflow-hidden d-block --cover --placeholder  --ratio-3:2\">\n  <picture>\n    \n    <img loading=\"lazy\" decoding=\"async\" src=\"\" data-src=\"https:\/\/apt.cz\/wp-content\/uploads\/2025\/10\/DSC06836-668x445-c-center.webp\" alt=\"Gas supply - APT\" width=\"668\" height=\"445\" draggable=\"false\" srcset=\"\" data-srcset=\"https:\/\/apt.cz\/wp-content\/uploads\/2025\/10\/DSC06836-668x445-c-center.webp 1x, https:\/\/apt.cz\/wp-content\/uploads\/2025\/10\/DSC06836-1336x890-c-center.webp 2x\">\n  <\/picture>\n<\/div>\n  \n  <\/div>\n  <\/div>\n\n  <div class=\"g-text-and-media__col --content-col w-100 align-self-center d-flex flex-column gap-3\">\n\n          <header class=\"base-header d-flex flex-column align-items-center text-center gap-3 --left g-text-and-media__header-in\">\n\n        \n  <h2 class=\"base-heading mb-0 u-fw-700 u-text-balance u-h2\">\n            <strong>Media distribution and delivery<\/strong>\n      <\/h2>\n\n  \n  \n  \n\n<\/header>\n    \n          <div class=\"g-text-and-media__body entry-content u-fz-md\">\n                          \n\n<ul class=\"wp-block-list\">\n<li><strong>Process and distribution tanks<\/strong> \u2013 intermediate links for stable gas supply to operations.<\/li>\n\n\n\n<li><strong>Insulated and duplex distribution systems<\/strong> \u2013 minimizing losses and maximizing safety.<\/li>\n\n\n\n<li><strong>Mixing devices (&#8220;media mixers&#8221;)<\/strong> \u2013 for precise control of gas mixture composition according to application.<\/li>\n<\/ul>\n\n\n              <\/div>\n    \n    \n\n\n\n\n  <\/div>\n\n<\/div>\n\n\n  \n      <\/div>\n\n  <\/section>\n\n\n\n<section class=\"base-section u-posr\">\n  <div class=\"base-section__container d-flex flex-column gap-7 container\">\n        \n<div class=\"g-text-and-media d-flex flex-column gap-4 --default\">\n\n  <div class=\"g-text-and-media__col --media-col w-100\">\n    \n<div class=\"i-media u-posr overflow-hidden u-radius-sm\">\n      \n<div class=\"img u-posr overflow-hidden d-block --cover --placeholder  --ratio-3:2\">\n  <picture>\n    \n    <img loading=\"lazy\" decoding=\"async\" src=\"\" data-src=\"https:\/\/apt.cz\/wp-content\/uploads\/2025\/10\/DSC07024-668x445-c-center.webp\" alt=\"Gas supply - APT\" width=\"668\" height=\"445\" draggable=\"false\" srcset=\"\" data-srcset=\"https:\/\/apt.cz\/wp-content\/uploads\/2025\/10\/DSC07024-668x445-c-center.webp 1x, https:\/\/apt.cz\/wp-content\/uploads\/2025\/10\/DSC07024-1336x890-c-center.webp 2x\">\n  <\/picture>\n<\/div>\n  \n  <\/div>\n  <\/div>\n\n  <div class=\"g-text-and-media__col --content-col w-100 align-self-center d-flex flex-column gap-3\">\n\n          <header class=\"base-header d-flex flex-column align-items-center text-center gap-3 --left g-text-and-media__header-in\">\n\n        \n  <h2 class=\"base-heading mb-0 u-fw-700 u-text-balance u-h2\">\n            <strong>Control and monitoring systems<\/strong>\n      <\/h2>\n\n  \n  \n  \n\n<\/header>\n    \n          <div class=\"g-text-and-media__body entry-content u-fz-md\">\n                          \n\n<ul class=\"wp-block-list\">\n<li><strong>Control and power distribution cabinets, HMI panels, and PLC systems<\/strong> \u2013 intelligent control of technological lines.<\/li>\n\n\n\n<li><strong>Environmental monitoring and security systems<\/strong> \u2013 supervision of operations, leaks, pressure, and temperature with remote access.<\/li>\n<\/ul>\n\n\n              <\/div>\n    \n    \n\n\n\n\n  <\/div>\n\n<\/div>\n\n\n  \n      <\/div>\n\n  <\/section>\n\n\n\n<section class=\"base-section u-posr    --background\">\n  <div class=\"base-section__container d-flex flex-column gap-7 container\">\n        \n<header class=\"base-header d-flex flex-column align-items-center text-center gap-3\">\n\n  \n  <h2 class=\"base-heading mb-0 u-fw-700 u-text-balance u-h2\">\n            What do we offer?\n      <\/h2>\n\n  \n  \n  \n\n<\/header>\n\n\n\n\n  <div class=\"g-usps row justify-content-center g-4 --cols-3\">\n          <div class=\"g-usps__cell col-6 col-lg-4\">\n        \n<div class=\"i-usp d-flex flex-column gap-4 align-items-center text-center h-100 --default\">\n\n  \n\n  <div class=\"i-usp__body d-flex flex-column gap-2 align-items-center\">\n\n    <h3 class=\"base-heading mb-0 u-fw-700 u-text-balance u-h5\">\n            Reliable and flexible gas supply\n      <\/h3>\n\n          <div class=\"i-usp__description d-flex flex-column gap-1  u-fz-md\">\n        We supply a wide range of technical gases for various applications, including oxygen, nitrogen, argon, and other specialty gases.\n      <\/div>\n    \n    \n  <\/div>\n\n<\/div>\n      <\/div>\n          <div class=\"g-usps__cell col-6 col-lg-4\">\n        \n<div class=\"i-usp d-flex flex-column gap-4 align-items-center text-center h-100 --default\">\n\n  \n\n  <div class=\"i-usp__body d-flex flex-column gap-2 align-items-center\">\n\n    <h3 class=\"base-heading mb-0 u-fw-700 u-text-balance u-h5\">\n            Installation and maintenance of distribution systems\n      <\/h3>\n\n          <div class=\"i-usp__description d-flex flex-column gap-1  u-fz-md\">\n        We will design and install efficient gas distribution systems directly into your facilities.\n      <\/div>\n    \n    \n  <\/div>\n\n<\/div>\n      <\/div>\n          <div class=\"g-usps__cell col-6 col-lg-4\">\n        \n<div class=\"i-usp d-flex flex-column gap-4 align-items-center text-center h-100 --default\">\n\n  \n\n  <div class=\"i-usp__body d-flex flex-column gap-2 align-items-center\">\n\n    <h3 class=\"base-heading mb-0 u-fw-700 u-text-balance u-h5\">\n            Safety and regulatory controls\n      <\/h3>\n\n          <div class=\"i-usp__description d-flex flex-column gap-1  u-fz-md\">\n        We ensure compliance with all safety and regulatory requirements related to the use of technical gases.\n      <\/div>\n    \n    \n  <\/div>\n\n<\/div>\n      <\/div>\n      <\/div>\n\n\n  \n      <\/div>\n\n  <\/section>\n\n\n\n<section class=\"base-section u-posr --none\">\n  <div class=\"base-section__container d-flex flex-column gap-7 container\">\n        \n\n<div class=\"row justify-content-center\">\n  <div class=\"col-12\">\n\n    <div class=\"entry-content\">\n\n<figure class=\"wp-block-image size-full\"><a href=\"https:\/\/apt.cz\/wp-content\/uploads\/2025\/12\/Zasobovani-plyny-3.jpg\"><img decoding=\"async\" src=\"https:\/\/apt.cz\/wp-content\/uploads\/2025\/12\/Zasobovani-plyny-3.jpg\" alt=\"Gas supply - APT\" class=\"wp-image-2721\"\/><\/a><\/figure>\n\n<\/div>\n\n  <\/div>\n<\/div>\n\n\n  \n      <\/div>\n\n  <\/section>\n\n\n\n<section class=\"base-section u-posr\">\n  <div class=\"base-section__container d-flex flex-column gap-7 container\">\n        \n<header class=\"base-header d-flex flex-column align-items-center text-center gap-3\">\n\n  \n  <h2 class=\"base-heading mb-0 u-fw-700 u-text-balance u-h2\">\n            Are you interested?\n      <\/h2>\n\n  \n  \n  \n\n<\/header>\n\n\n  <div class=\"u-bg-secondary-shade p-3 p-sm-4 p-xl-8 u-radius-md\">\n    \n\n\n\n        \n\n        <form class=\"base-form --validate f-contact d-flex flex-column gap-4\" id=\"contact-form\" action=\"https:\/\/apt.cz\/en\/wp-json\/wp\/v2\/pages\/1283\" method=\"POST\" enctype=\"multipart\/form-data\">\n      <div class=\"f-contact__grid row gy-4\">\n\n              <div class=col-lg-4>\n            \n\n\n\n\n<div class=\"f-text d-flex flex-column gap-1 u-posr kt-field\">\n\n      <label class=\"f-label d-flex align-items-center mb-0 px-1 py-0 u-fz-md u-color-text --required\" for=\"contact-form-name\">\n  First and last name\n<\/label>\n  \n  <div class=\"f-text__wrap d-flex align-items-center u-posr\">\n\n    \n    <input class=\"f-base f-text__input\" type=\"text\" id=\"contact-form-name\" value=\"\" name=contact-form[contact-form-name] maxlength=\"30\" required>\n\n    \n      <\/div>\n\n      <span class=\"f-error u-fz-sm gap-1 d-none u-posa w-100 u-z-index-2\">\n  <span class=\"f-error__icon d-flex align-items-center justify-content-center\">\n      \n  <span class=\"icon d-flex align-items-center justify-content-center --colored --danger --sm\">\n          <svg xmlns=\"http:\/\/www.w3.org\/2000\/svg\" height=\"1em\" viewBox=\"0 0 512 512\">\n  <path d=\"M256 512A256 256 0 1 0 256 0a256 256 0 1 0 0 512zm0-384c13.3 0 24 10.7 24 24V264c0 13.3-10.7 24-24 24s-24-10.7-24-24V152c0-13.3 10.7-24 24-24zM224 352a32 32 0 1 1 64 0 32 32 0 1 1 -64 0z\"\/>\n<\/svg>\n      <\/span>\n  <\/span>\n\n  <span class=\"f-error__title\"><\/span>\n<\/span>\n  \n<\/div>\n        <\/div>\n      \n              <div class=col-lg-4>\n            \n\n\n\n\n<div class=\"f-text d-flex flex-column gap-1 u-posr kt-field\">\n\n      <label class=\"f-label d-flex align-items-center mb-0 px-1 py-0 u-fz-md u-color-text --required\" for=\"contact-form-email\">\n  E-mail\n<\/label>\n  \n  <div class=\"f-text__wrap d-flex align-items-center u-posr\">\n\n    \n    <input class=\"f-base f-text__input\" type=\"email\" id=\"contact-form-email\" value=\"\" name=contact-form[contact-form-email] maxlength=\"100\" required>\n\n    \n      <\/div>\n\n      <span class=\"f-error u-fz-sm gap-1 d-none u-posa w-100 u-z-index-2\">\n  <span class=\"f-error__icon d-flex align-items-center justify-content-center\">\n      \n  <span class=\"icon d-flex align-items-center justify-content-center --colored --danger --sm\">\n          <svg xmlns=\"http:\/\/www.w3.org\/2000\/svg\" height=\"1em\" viewBox=\"0 0 512 512\">\n  <path d=\"M256 512A256 256 0 1 0 256 0a256 256 0 1 0 0 512zm0-384c13.3 0 24 10.7 24 24V264c0 13.3-10.7 24-24 24s-24-10.7-24-24V152c0-13.3 10.7-24 24-24zM224 352a32 32 0 1 1 64 0 32 32 0 1 1 -64 0z\"\/>\n<\/svg>\n      <\/span>\n  <\/span>\n\n  <span class=\"f-error__title\"><\/span>\n<\/span>\n  \n<\/div>\n        <\/div>\n      \n              <div class=col-lg-4>\n            \n\n\n\n\n<div class=\"f-text d-flex flex-column gap-1 u-posr kt-field\">\n\n      <label class=\"f-label d-flex align-items-center mb-0 px-1 py-0 u-fz-md u-color-text --required\" for=\"contact-form-phone\">\n  Phone\n<\/label>\n  \n  <div class=\"f-text__wrap d-flex align-items-center u-posr\">\n\n    \n    <input class=\"f-base f-text__input\" type=\"text\" id=\"contact-form-phone\" value=\"\" name=contact-form[contact-form-phone] maxlength=\"\" required>\n\n    \n      <\/div>\n\n      <span class=\"f-error u-fz-sm gap-1 d-none u-posa w-100 u-z-index-2\">\n  <span class=\"f-error__icon d-flex align-items-center justify-content-center\">\n      \n  <span class=\"icon d-flex align-items-center justify-content-center --colored --danger --sm\">\n          <svg xmlns=\"http:\/\/www.w3.org\/2000\/svg\" height=\"1em\" viewBox=\"0 0 512 512\">\n  <path d=\"M256 512A256 256 0 1 0 256 0a256 256 0 1 0 0 512zm0-384c13.3 0 24 10.7 24 24V264c0 13.3-10.7 24-24 24s-24-10.7-24-24V152c0-13.3 10.7-24 24-24zM224 352a32 32 0 1 1 64 0 32 32 0 1 1 -64 0z\"\/>\n<\/svg>\n      <\/span>\n  <\/span>\n\n  <span class=\"f-error__title\"><\/span>\n<\/span>\n  \n<\/div>\n        <\/div>\n      \n      \n      \n              <div class=\"col-12\">\n            <div class=\"f-textarea d-flex flex-column gap-1 u-posr kt-field\">\n\n      <label class=\"f-label d-flex align-items-center mb-0 px-1 py-0 u-fz-md u-color-text --required\" for=\"contact-form-message\">\n  Message\n<\/label>\n  \n  <div class=\"f-textarea__wrap d-flex align-items-center u-posr\">\n    <textarea class=\"f-base f-textarea__input kt-field\" id=\"contact-form-message\" name=contact-form[contact-form-message] required maxlength=\"1000\"><\/textarea>\n  <\/div>\n\n      <span class=\"f-error u-fz-sm gap-1 d-none u-posa w-100 u-z-index-2\">\n  <span class=\"f-error__icon d-flex align-items-center justify-content-center\">\n      \n  <span class=\"icon d-flex align-items-center justify-content-center --colored --danger --sm\">\n          <svg xmlns=\"http:\/\/www.w3.org\/2000\/svg\" height=\"1em\" viewBox=\"0 0 512 512\">\n  <path d=\"M256 512A256 256 0 1 0 256 0a256 256 0 1 0 0 512zm0-384c13.3 0 24 10.7 24 24V264c0 13.3-10.7 24-24 24s-24-10.7-24-24V152c0-13.3 10.7-24 24-24zM224 352a32 32 0 1 1 64 0 32 32 0 1 1 -64 0z\"\/>\n<\/svg>\n      <\/span>\n  <\/span>\n\n  <span class=\"f-error__title\"><\/span>\n<\/span>\n  <\/div>\n        <\/div>\n      \n    <\/div>\n\n    <footer class=\"f-contact__footer d-flex gap-3 justify-content-between flex-wrap\">\n\n              <div class=\"f-contact__terms\">\n                                    By submitting this form, you consent to the <a href=\"https:\/\/apt.cz\/en\/privacy-policy\/\">processing of your personal data<\/a>.\n                              <\/div>\n      \n              <div class=\"f-contact__submit flex-grow-1 flex-md-grow-0\">\n          <button class=\"btn u-posr u-cursor-pointer d-inline-flex gap-1 align-items-center justify-content-center flex-nowrap flex-shrink-0 --primary      --full-width w-100 w-100 w-md-auto\" type=\"submit\" aria-label=\"Send\">\n      <span class=\"btn__title\">\n      Send\n    <\/span>\n  \n      <span class=\"btn__icon d-flex align-items-center justify-content-center\">\n                \n  <span class=\"icon d-flex align-items-center justify-content-center\">\n          <svg xmlns=\"http:\/\/www.w3.org\/2000\/svg\" width=\"20\" height=\"20\" viewBox=\"0 0 20 20\" fill=\"none\">\n  <path d=\"M17.733 0.998 C 17.467 1.089,13.652 2.422,9.255 3.962 C 2.994 6.154,1.233 6.782,1.138 6.859 C 0.882 7.066,0.776 7.445,0.884 7.768 C 1.006 8.137,0.830 8.045,4.850 9.829 C 6.848 10.716,8.501 11.458,8.522 11.479 C 8.544 11.500,9.284 13.144,10.166 15.133 C 11.049 17.122,11.813 18.802,11.864 18.867 C 12.012 19.052,12.238 19.150,12.519 19.150 C 12.724 19.150,12.777 19.137,12.918 19.049 C 13.008 18.994,13.122 18.889,13.173 18.816 C 13.232 18.729,14.288 15.759,16.205 10.283 C 19.014 2.261,19.147 1.873,19.147 1.650 C 19.148 1.472,19.130 1.383,19.073 1.275 C 18.945 1.032,18.601 0.833,18.310 0.833 C 18.259 0.834,17.999 0.908,17.733 0.998 M12.064 6.752 L 8.978 9.838 6.473 8.727 C 5.096 8.117,3.968 7.608,3.968 7.597 C 3.967 7.582,15.064 3.678,15.133 3.669 C 15.142 3.668,13.761 5.055,12.064 6.752 M16.199 5.242 C 16.126 5.448,15.244 7.969,14.238 10.845 L 12.410 16.073 11.287 13.546 L 10.164 11.019 13.240 7.943 C 14.932 6.251,16.320 4.867,16.324 4.867 C 16.328 4.867,16.272 5.035,16.199 5.242 \" fill=\"#282E29\" stroke=\"none\" fill-rule=\"evenodd\"\/>\n<\/svg>\n      <\/span>\n          <\/span>\n  <\/button>\n        <\/div>\n      \n    <\/footer>\n\n\n  \n      <input type=\"hidden\" class=\"f-hidden js-honey hidden kt-field\" name=\"contact-form[contact-form-honey]\" value=\"\" id=\"contact-form-honey\">\n  \n      <input type=\"hidden\" class=\"f-hidden hidden kt-field\" name=\"contact-form[contact-form-favourite]\" value=\"\" id=\"contact-form-favourite\">\n  <\/form>\n  <\/div>\n\n\n  \n      <\/div>\n\n  <\/section>\n","protected":false},"excerpt":{"rendered":"","protected":false},"author":1,"featured_media":0,"parent":0,"menu_order":0,"comment_status":"closed","ping_status":"closed","template":"","meta":{"footnotes":""},"class_list":["post-1283","page","type-page","status-publish","hentry"],"yoast_head":"<!-- This site is optimized with the Yoast SEO plugin v26.1.1 - https:\/\/yoast.com\/wordpress\/plugins\/seo\/ -->\n<title>Gas Supply \u2013 Technical &amp; Medical Gas Systems | APT<\/title>\n<meta name=\"description\" content=\"Complete gas supply solutions \u2014 distribution, storage and regulation of technical and medical gases for industry, labs, healthcare &amp; refrigeration.\" \/>\n<meta name=\"robots\" content=\"index, follow, max-snippet:-1, max-image-preview:large, max-video-preview:-1\" \/>\n<link rel=\"canonical\" href=\"https:\/\/apt.cz\/en\/en-gas-supply-technical-medical\/\" \/>\n<meta property=\"og:locale\" content=\"en_US\" \/>\n<meta property=\"og:type\" content=\"article\" \/>\n<meta property=\"og:title\" content=\"Gas Supply \u2013 Technical &amp; Medical Gas Systems | APT\" \/>\n<meta property=\"og:description\" content=\"Complete gas supply solutions \u2014 distribution, storage and regulation of technical and medical gases for industry, labs, healthcare &amp; refrigeration.\" \/>\n<meta property=\"og:url\" content=\"https:\/\/apt.cz\/en\/en-gas-supply-technical-medical\/\" \/>\n<meta property=\"og:site_name\" content=\"APT\" \/>\n<meta property=\"article:publisher\" content=\"https:\/\/www.facebook.com\/APT.Gas.Technologies\" \/>\n<meta property=\"article:modified_time\" content=\"2026-01-15T12:14:35+00:00\" \/>\n<meta property=\"og:image\" content=\"https:\/\/apt.cz\/wp-content\/uploads\/2025\/12\/Zasobovani-plyny-3.jpg\" \/>\n<meta name=\"twitter:card\" content=\"summary_large_image\" \/>\n<meta name=\"twitter:site\" content=\"@AptGasTech\" \/>\n<!-- \/ Yoast SEO plugin. -->","yoast_head_json":{"title":"Gas Supply \u2013 Technical & Medical Gas Systems | APT","description":"Complete gas supply solutions \u2014 distribution, storage and regulation of technical and medical gases for industry, labs, healthcare & refrigeration.","robots":{"index":"index","follow":"follow","max-snippet":"max-snippet:-1","max-image-preview":"max-image-preview:large","max-video-preview":"max-video-preview:-1"},"canonical":"https:\/\/apt.cz\/en\/en-gas-supply-technical-medical\/","og_locale":"en_US","og_type":"article","og_title":"Gas Supply \u2013 Technical & Medical Gas Systems | APT","og_description":"Complete gas supply solutions \u2014 distribution, storage and regulation of technical and medical gases for industry, labs, healthcare & refrigeration.","og_url":"https:\/\/apt.cz\/en\/en-gas-supply-technical-medical\/","og_site_name":"APT","article_publisher":"https:\/\/www.facebook.com\/APT.Gas.Technologies","article_modified_time":"2026-01-15T12:14:35+00:00","og_image":[{"url":"https:\/\/apt.cz\/wp-content\/uploads\/2025\/12\/Zasobovani-plyny-3.jpg","type":"","width":"","height":""}],"twitter_card":"summary_large_image","twitter_site":"@AptGasTech","schema":{"@context":"https:\/\/schema.org","@graph":[{"@type":"WebPage","@id":"https:\/\/apt.cz\/en\/en-gas-supply-technical-medical\/","url":"https:\/\/apt.cz\/en\/en-gas-supply-technical-medical\/","name":"Gas Supply \u2013 Technical & Medical Gas Systems | APT","isPartOf":{"@id":"https:\/\/apt.cz\/#website"},"primaryImageOfPage":{"@id":"https:\/\/apt.cz\/en\/en-gas-supply-technical-medical\/#primaryimage"},"image":{"@id":"https:\/\/apt.cz\/en\/en-gas-supply-technical-medical\/#primaryimage"},"thumbnailUrl":"https:\/\/apt.cz\/wp-content\/uploads\/2025\/12\/Zasobovani-plyny-3.jpg","datePublished":"2025-02-02T13:22:55+00:00","dateModified":"2026-01-15T12:14:35+00:00","description":"Complete gas supply solutions \u2014 distribution, storage and regulation of technical and medical gases for industry, labs, healthcare & refrigeration.","breadcrumb":{"@id":"https:\/\/apt.cz\/en\/en-gas-supply-technical-medical\/#breadcrumb"},"inLanguage":"en-US","potentialAction":[{"@type":"ReadAction","target":["https:\/\/apt.cz\/en\/en-gas-supply-technical-medical\/"]}]},{"@type":"ImageObject","inLanguage":"en-US","@id":"https:\/\/apt.cz\/en\/en-gas-supply-technical-medical\/#primaryimage","url":"https:\/\/apt.cz\/wp-content\/uploads\/2025\/12\/Zasobovani-plyny-3.jpg","contentUrl":"https:\/\/apt.cz\/wp-content\/uploads\/2025\/12\/Zasobovani-plyny-3.jpg"},{"@type":"BreadcrumbList","@id":"https:\/\/apt.cz\/en\/en-gas-supply-technical-medical\/#breadcrumb","itemListElement":[{"@type":"ListItem","position":1,"name":"Dom\u016f","item":"https:\/\/apt.cz\/en\/"},{"@type":"ListItem","position":2,"name":"Gas supply"}]},{"@type":"WebSite","@id":"https:\/\/apt.cz\/#website","url":"https:\/\/apt.cz\/","name":"APT - Process Technologies & Automation","description":"Kompletn\u00ed dod\u00e1vky procesn\u00edch technologi\u00ed","publisher":{"@id":"https:\/\/apt.cz\/#organization"},"potentialAction":[{"@type":"SearchAction","target":{"@type":"EntryPoint","urlTemplate":"https:\/\/apt.cz\/?s={search_term_string}"},"query-input":{"@type":"PropertyValueSpecification","valueRequired":true,"valueName":"search_term_string"}}],"inLanguage":"en-US"},{"@type":"Organization","@id":"https:\/\/apt.cz\/#organization","name":"APT - Process Technologies & Automation","url":"https:\/\/apt.cz\/","logo":{"@type":"ImageObject","inLanguage":"en-US","@id":"https:\/\/apt.cz\/#\/schema\/logo\/image\/","url":"https:\/\/apt.cz\/wp-content\/uploads\/2025\/11\/APT-EG_C-1-scaled.webp","contentUrl":"https:\/\/apt.cz\/wp-content\/uploads\/2025\/11\/APT-EG_C-1-scaled.webp","width":2560,"height":1535,"caption":"APT - Process Technologies & Automation"},"image":{"@id":"https:\/\/apt.cz\/#\/schema\/logo\/image\/"},"sameAs":["https:\/\/www.facebook.com\/APT.Gas.Technologies","https:\/\/x.com\/AptGasTech"]}]}},"_links":{"self":[{"href":"https:\/\/apt.cz\/en\/wp-json\/wp\/v2\/pages\/1283","targetHints":{"allow":["GET"]}}],"collection":[{"href":"https:\/\/apt.cz\/en\/wp-json\/wp\/v2\/pages"}],"about":[{"href":"https:\/\/apt.cz\/en\/wp-json\/wp\/v2\/types\/page"}],"author":[{"embeddable":true,"href":"https:\/\/apt.cz\/en\/wp-json\/wp\/v2\/users\/1"}],"replies":[{"embeddable":true,"href":"https:\/\/apt.cz\/en\/wp-json\/wp\/v2\/comments?post=1283"}],"version-history":[{"count":7,"href":"https:\/\/apt.cz\/en\/wp-json\/wp\/v2\/pages\/1283\/revisions"}],"predecessor-version":[{"id":3005,"href":"https:\/\/apt.cz\/en\/wp-json\/wp\/v2\/pages\/1283\/revisions\/3005"}],"wp:attachment":[{"href":"https:\/\/apt.cz\/en\/wp-json\/wp\/v2\/media?parent=1283"}],"curies":[{"name":"wp","href":"https:\/\/api.w.org\/{rel}","templated":true}]}}