{"id":1260,"date":"2025-02-02T14:22:37","date_gmt":"2025-02-02T13:22:37","guid":{"rendered":"https:\/\/apt.cz\/udrzba-lahvi\/"},"modified":"2026-01-15T13:13:52","modified_gmt":"2026-01-15T12:13:52","slug":"en-bottle-maintenance-cylinder-service","status":"publish","type":"page","link":"https:\/\/apt.cz\/en\/en-bottle-maintenance-cylinder-service\/","title":{"rendered":"Bottle maintenance"},"content":{"rendered":"\n<section class=\"base-section u-posr --none\">\n  <div class=\"base-section__container d-flex flex-column gap-7 container\">\n        \n<header class=\"base-header d-flex flex-column align-items-center text-center gap-3\">\n\n  \n  <h1 class=\"base-heading mb-0 u-fw-700 u-text-balance u-h2\">\n            Bottle maintenance\n      <\/h1>\n\n      <div class=\"base-header__description entry-content mb-0\">We supply complete technological equipment for service and filling stations for pressure cylinders. Our equipment is designed for safe, efficient, and fully automated maintenance, inspection, and preparation of cylinders for further operation. We offer solutions for industrial, firefighting, medical, and defense applications.<\/div>\n  \n  \n  \n\n<\/header>\n\n\n<div class=\"g-text-and-media d-flex flex-column gap-4 --reverse\">\n\n  <div class=\"g-text-and-media__col --media-col w-100\">\n    \n<div class=\"i-media u-posr overflow-hidden u-radius-sm\">\n      \n<div class=\"img u-posr overflow-hidden d-block --cover --placeholder  --ratio-3:2\">\n  <picture>\n    \n    <img loading=\"lazy\" decoding=\"async\" src=\"\" data-src=\"https:\/\/apt.cz\/wp-content\/uploads\/2025\/03\/front-view-worker-with-protective-mask-gloves-1-scaled-668x445-c-center.webp\" alt=\"Bottle maintenance - APT\" width=\"668\" height=\"445\" draggable=\"false\" srcset=\"\" data-srcset=\"https:\/\/apt.cz\/wp-content\/uploads\/2025\/03\/front-view-worker-with-protective-mask-gloves-1-scaled-668x445-c-center.webp 1x, https:\/\/apt.cz\/wp-content\/uploads\/2025\/03\/front-view-worker-with-protective-mask-gloves-1-scaled-1336x890-c-center.webp 2x\">\n  <\/picture>\n<\/div>\n  \n  <\/div>\n  <\/div>\n\n  <div class=\"g-text-and-media__col --content-col w-100 align-self-center d-flex flex-column gap-3\">\n\n          <header class=\"base-header d-flex flex-column align-items-center text-center gap-3 --left g-text-and-media__header-in\">\n\n        \n  <h2 class=\"base-heading mb-0 u-fw-700 u-text-balance u-h2\">\n            <strong>We supply<\/strong>\n      <\/h2>\n\n  \n  \n  \n\n<\/header>\n    \n          <div class=\"g-text-and-media__body entry-content u-fz-md\">\n                          \n\n<ul class=\"wp-block-list\">\n<li><strong>Handling equipment<\/strong> \u2013 ergonomic and safe systems for moving, rotating, and clamping pressure cylinders.<\/li>\n\n\n\n<li><strong>Depressurization equipment<\/strong> \u2013 controlled systems for safely releasing residual pressure and venting cylinders before maintenance.<\/li>\n\n\n\n<li><strong>Valve unscrewing and screwing devices<\/strong> \u2013 universal devices for automated removal and installation of various types of valves.<\/li>\n\n\n\n<li><strong>Cylinder weighing devices<\/strong> \u2013 precise weighing stations for checking weight before and after filling or maintenance.<\/li>\n<\/ul>\n\n\n              <\/div>\n    \n    \n\n\n\n\n  <\/div>\n\n<\/div>\n\n\n  \n      <\/div>\n\n  <\/section>\n\n\n\n<section class=\"base-section u-posr\">\n  <div class=\"base-section__container d-flex flex-column gap-7 container\">\n        \n<div class=\"g-text-and-media d-flex flex-column gap-4 --default\">\n\n  <div class=\"g-text-and-media__col --media-col w-100\">\n    \n<div class=\"i-media u-posr overflow-hidden u-radius-sm\">\n      \n<div class=\"img u-posr overflow-hidden d-block --cover --placeholder  --ratio-3:2\">\n  <picture>\n    \n    <img loading=\"lazy\" decoding=\"async\" src=\"\" data-src=\"https:\/\/apt.cz\/wp-content\/uploads\/2025\/10\/DSC06697-668x445-c-center.webp\" alt=\"Bottle maintenance - APT\" width=\"668\" height=\"445\" draggable=\"false\" srcset=\"\" data-srcset=\"https:\/\/apt.cz\/wp-content\/uploads\/2025\/10\/DSC06697-668x445-c-center.webp 1x, https:\/\/apt.cz\/wp-content\/uploads\/2025\/10\/DSC06697-1336x890-c-center.webp 2x\">\n  <\/picture>\n<\/div>\n  \n  <\/div>\n  <\/div>\n\n  <div class=\"g-text-and-media__col --content-col w-100 align-self-center d-flex flex-column gap-3\">\n\n    \n          <div class=\"g-text-and-media__body entry-content u-fz-md\">\n                          \n\n<ul class=\"wp-block-list\">\n<li><strong>Pressure testing chambers (&#8220;pressure testers&#8221;) and internal surface cleaners<\/strong> \u2013 high-pressure systems for hydrostatic testing and pressure cleaning of the inside of bottles with water.<\/li>\n\n\n\n<li><strong>Bottle dryers<\/strong> \u2013 equipment for fast and gentle drying of the interior after cleaning or testing.<\/li>\n\n\n\n<li><strong>External surface cleaners<\/strong> \u2013 brushing or blasting technology for removing old coatings and dirt.<\/li>\n\n\n\n<li><strong>Bottle painters<\/strong> \u2013 automated painting lines for final surface treatment and color marking.<\/li>\n<\/ul>\n\n\n\n<p class=\"has-black-color has-text-color has-link-color has-medium-font-size wp-elements-d83020ced07a230fa890201dd3e97f8d\"><strong><span style=\"text-decoration: underline;\">Our standard equipment can be customized according to customer requirements.<\/span><\/strong><\/p>\n\n\n              <\/div>\n    \n    \n\n\n\n  \n<div class=\"g-base d-flex flex-wrap justify-content-start gap-1 g-buttons --spacing-md align-items-center\">\n  \n      \n              <a class=\"btn u-posr u-cursor-pointer d-inline-flex gap-1 align-items-center justify-content-center flex-nowrap flex-shrink-0 --primary  --animation-right   --full-width-mobile\" href='https:\/\/apt.cz\/wp-content\/uploads\/2025\/11\/Cylinder_maintenance_2008-01.pdf' target=\"_blank\">\n      <span class=\"btn__title\">\n      Download catalog\n    <\/span>\n  \n      <span class=\"btn__icon d-flex align-items-center justify-content-center\">\n                \n  <span class=\"icon d-flex align-items-center justify-content-center\">\n          <svg xmlns=\"http:\/\/www.w3.org\/2000\/svg\" width=\"24\" height=\"24\" viewBox=\"0 0 24 24\" fill=\"none\">\n  <path d=\"M11.789 4.043c-.084.02-.202.062-.263.094-.163.084-.388.349-.449.528-.074.216-.064.566.02.735.039.077 1.297 1.368 2.797 2.87L16.62 11h-5.885c-6.414 0-6.054-.013-6.361.222a1.19 1.19 0 0 0-.243.289c-.095.161-.111.233-.111.489s.016.328.111.489c.061.103.17.234.243.289.307.235-.053.222 6.361.222h5.884l-2.745 2.75c-2.245 2.249-2.755 2.779-2.798 2.91-.254.776.422 1.501 1.193 1.28.23-.066.246-.081 3.871-3.693 2.192-2.184 3.678-3.695 3.736-3.798a.956.956 0 0 0 .068-.758c-.061-.182-.374-.506-3.725-3.855-2.488-2.486-3.707-3.677-3.809-3.722a1.031 1.031 0 0 0-.621-.071\" fill=\"#476CFE\" fill-rule=\"evenodd\"\/>\n<\/svg>\n      <\/span>\n          <\/span>\n  <\/a>\n      \n      \n\n    <\/div>\n\n  <\/div>\n\n<\/div>\n\n\n  \n      <\/div>\n\n  <\/section>\n\n\n\n<section class=\"base-section u-posr    --background\">\n  <div class=\"base-section__container d-flex flex-column gap-7 container\">\n        \n<header class=\"base-header d-flex flex-column align-items-center text-center gap-3\">\n\n  \n  <h2 class=\"base-heading mb-0 u-fw-700 u-text-balance u-h2\">\n            <strong>Why our solution<\/strong>\n      <\/h2>\n\n  \n  \n  \n\n<\/header>\n\n\n\n\n  <div class=\"g-usps row justify-content-center g-4 --cols-3\">\n          <div class=\"g-usps__cell col-6 col-lg-4\">\n        \n<div class=\"i-usp d-flex flex-column gap-4 align-items-center text-center h-100 --default\">\n\n  \n\n  <div class=\"i-usp__body d-flex flex-column gap-2 align-items-center\">\n\n    <h3 class=\"base-heading mb-0 u-fw-700 u-text-balance u-h5\">\n            Safety\n      <\/h3>\n\n          <div class=\"i-usp__description d-flex flex-column gap-1  u-fz-md\">\n        robust industrial design with an emphasis on safety and long service life\n      <\/div>\n    \n    \n  <\/div>\n\n<\/div>\n      <\/div>\n          <div class=\"g-usps__cell col-6 col-lg-4\">\n        \n<div class=\"i-usp d-flex flex-column gap-4 align-items-center text-center h-100 --default\">\n\n  \n\n  <div class=\"i-usp__body d-flex flex-column gap-2 align-items-center\">\n\n    <h3 class=\"base-heading mb-0 u-fw-700 u-text-balance u-h5\">\n            Modular configuration\n      <\/h3>\n\n          <div class=\"i-usp__description d-flex flex-column gap-1  u-fz-md\">\n        assembly of a complete line according to customer requirements\n      <\/div>\n    \n    \n  <\/div>\n\n<\/div>\n      <\/div>\n          <div class=\"g-usps__cell col-6 col-lg-4\">\n        \n<div class=\"i-usp d-flex flex-column gap-4 align-items-center text-center h-100 --default\">\n\n  \n\n  <div class=\"i-usp__body d-flex flex-column gap-2 align-items-center\">\n\n    <h3 class=\"base-heading mb-0 u-fw-700 u-text-balance u-h5\">\n            Standards\n      <\/h3>\n\n          <div class=\"i-usp__description d-flex flex-column gap-1  u-fz-md\">\n        compliance with <strong>all relevant technical and safety standards<\/strong>\n      <\/div>\n    \n    \n  <\/div>\n\n<\/div>\n      <\/div>\n          <div class=\"g-usps__cell col-6 col-lg-4\">\n        \n<div class=\"i-usp d-flex flex-column gap-4 align-items-center text-center h-100 --default\">\n\n  \n\n  <div class=\"i-usp__body d-flex flex-column gap-2 align-items-center\">\n\n    <h3 class=\"base-heading mb-0 u-fw-700 u-text-balance u-h5\">\n            Service\n      <\/h3>\n\n          <div class=\"i-usp__description d-flex flex-column gap-1  u-fz-md\">\n        <strong>service, operator training, and technical support,<\/strong> including spare parts delivery\n      <\/div>\n    \n    \n  <\/div>\n\n<\/div>\n      <\/div>\n          <div class=\"g-usps__cell col-6 col-lg-4\">\n        \n<div class=\"i-usp d-flex flex-column gap-4 align-items-center text-center h-100 --default\">\n\n  \n\n  <div class=\"i-usp__body d-flex flex-column gap-2 align-items-center\">\n\n    <h3 class=\"base-heading mb-0 u-fw-700 u-text-balance u-h5\">\n            Experience\n      <\/h3>\n\n          <div class=\"i-usp__description d-flex flex-column gap-1  u-fz-md\">\n        Extensive experience in supplying the <strong>defense, firefighting, and industrial sectors<\/strong>\n      <\/div>\n    \n    \n  <\/div>\n\n<\/div>\n      <\/div>\n      <\/div>\n\n\n  \n      <\/div>\n\n  <\/section>\n\n\n\n<section class=\"base-section u-posr --none\">\n  <div class=\"base-section__container d-flex flex-column gap-7 container\">\n        \n\n<div class=\"row justify-content-center\">\n  <div class=\"col-12\">\n\n    <div class=\"entry-content\">\n\n<figure class=\"wp-block-image size-full\"><a href=\"https:\/\/apt.cz\/wp-content\/uploads\/2025\/12\/Udrzba-lahvi.jpg\"><img decoding=\"async\" src=\"https:\/\/apt.cz\/wp-content\/uploads\/2025\/12\/Udrzba-lahvi.jpg\" alt=\"Bottle maintenance - APT\" class=\"wp-image-2642\"\/><\/a><\/figure>\n\n<\/div>\n\n  <\/div>\n<\/div>\n\n\n  \n      <\/div>\n\n  <\/section>\n\n\n\n<section class=\"base-section u-posr\">\n  <div class=\"base-section__container d-flex flex-column gap-7 container\">\n        \n<header class=\"base-header d-flex flex-column align-items-center text-center gap-3\">\n\n  \n  <h2 class=\"base-heading mb-0 u-fw-700 u-text-balance u-h2\">\n            Are you interested?\n      <\/h2>\n\n  \n  \n  \n\n<\/header>\n\n\n  <div class=\"u-bg-secondary-shade p-3 p-sm-4 p-xl-8 u-radius-md\">\n    \n\n\n\n        \n\n        <form class=\"base-form --validate f-contact d-flex flex-column gap-4\" id=\"contact-form\" action=\"https:\/\/apt.cz\/en\/wp-json\/wp\/v2\/pages\/1260\" method=\"POST\" enctype=\"multipart\/form-data\">\n      <div class=\"f-contact__grid row gy-4\">\n\n              <div class=col-lg-4>\n            \n\n\n\n\n<div class=\"f-text d-flex flex-column gap-1 u-posr kt-field\">\n\n      <label class=\"f-label d-flex align-items-center mb-0 px-1 py-0 u-fz-md u-color-text --required\" for=\"contact-form-name\">\n  First and last name\n<\/label>\n  \n  <div class=\"f-text__wrap d-flex align-items-center u-posr\">\n\n    \n    <input class=\"f-base f-text__input\" type=\"text\" id=\"contact-form-name\" value=\"\" name=contact-form[contact-form-name] maxlength=\"30\" required>\n\n    \n      <\/div>\n\n      <span class=\"f-error u-fz-sm gap-1 d-none u-posa w-100 u-z-index-2\">\n  <span class=\"f-error__icon d-flex align-items-center justify-content-center\">\n      \n  <span class=\"icon d-flex align-items-center justify-content-center --colored --danger --sm\">\n          <svg xmlns=\"http:\/\/www.w3.org\/2000\/svg\" height=\"1em\" viewBox=\"0 0 512 512\">\n  <path d=\"M256 512A256 256 0 1 0 256 0a256 256 0 1 0 0 512zm0-384c13.3 0 24 10.7 24 24V264c0 13.3-10.7 24-24 24s-24-10.7-24-24V152c0-13.3 10.7-24 24-24zM224 352a32 32 0 1 1 64 0 32 32 0 1 1 -64 0z\"\/>\n<\/svg>\n      <\/span>\n  <\/span>\n\n  <span class=\"f-error__title\"><\/span>\n<\/span>\n  \n<\/div>\n        <\/div>\n      \n              <div class=col-lg-4>\n            \n\n\n\n\n<div class=\"f-text d-flex flex-column gap-1 u-posr kt-field\">\n\n      <label class=\"f-label d-flex align-items-center mb-0 px-1 py-0 u-fz-md u-color-text --required\" for=\"contact-form-email\">\n  E-mail\n<\/label>\n  \n  <div class=\"f-text__wrap d-flex align-items-center u-posr\">\n\n    \n    <input class=\"f-base f-text__input\" type=\"email\" id=\"contact-form-email\" value=\"\" name=contact-form[contact-form-email] maxlength=\"100\" required>\n\n    \n      <\/div>\n\n      <span class=\"f-error u-fz-sm gap-1 d-none u-posa w-100 u-z-index-2\">\n  <span class=\"f-error__icon d-flex align-items-center justify-content-center\">\n      \n  <span class=\"icon d-flex align-items-center justify-content-center --colored --danger --sm\">\n          <svg xmlns=\"http:\/\/www.w3.org\/2000\/svg\" height=\"1em\" viewBox=\"0 0 512 512\">\n  <path d=\"M256 512A256 256 0 1 0 256 0a256 256 0 1 0 0 512zm0-384c13.3 0 24 10.7 24 24V264c0 13.3-10.7 24-24 24s-24-10.7-24-24V152c0-13.3 10.7-24 24-24zM224 352a32 32 0 1 1 64 0 32 32 0 1 1 -64 0z\"\/>\n<\/svg>\n      <\/span>\n  <\/span>\n\n  <span class=\"f-error__title\"><\/span>\n<\/span>\n  \n<\/div>\n        <\/div>\n      \n              <div class=col-lg-4>\n            \n\n\n\n\n<div class=\"f-text d-flex flex-column gap-1 u-posr kt-field\">\n\n      <label class=\"f-label d-flex align-items-center mb-0 px-1 py-0 u-fz-md u-color-text --required\" for=\"contact-form-phone\">\n  Phone\n<\/label>\n  \n  <div class=\"f-text__wrap d-flex align-items-center u-posr\">\n\n    \n    <input class=\"f-base f-text__input\" type=\"text\" id=\"contact-form-phone\" value=\"\" name=contact-form[contact-form-phone] maxlength=\"\" required>\n\n    \n      <\/div>\n\n      <span class=\"f-error u-fz-sm gap-1 d-none u-posa w-100 u-z-index-2\">\n  <span class=\"f-error__icon d-flex align-items-center justify-content-center\">\n      \n  <span class=\"icon d-flex align-items-center justify-content-center --colored --danger --sm\">\n          <svg xmlns=\"http:\/\/www.w3.org\/2000\/svg\" height=\"1em\" viewBox=\"0 0 512 512\">\n  <path d=\"M256 512A256 256 0 1 0 256 0a256 256 0 1 0 0 512zm0-384c13.3 0 24 10.7 24 24V264c0 13.3-10.7 24-24 24s-24-10.7-24-24V152c0-13.3 10.7-24 24-24zM224 352a32 32 0 1 1 64 0 32 32 0 1 1 -64 0z\"\/>\n<\/svg>\n      <\/span>\n  <\/span>\n\n  <span class=\"f-error__title\"><\/span>\n<\/span>\n  \n<\/div>\n        <\/div>\n      \n      \n      \n              <div class=\"col-12\">\n            <div class=\"f-textarea d-flex flex-column gap-1 u-posr kt-field\">\n\n      <label class=\"f-label d-flex align-items-center mb-0 px-1 py-0 u-fz-md u-color-text --required\" for=\"contact-form-message\">\n  Message\n<\/label>\n  \n  <div class=\"f-textarea__wrap d-flex align-items-center u-posr\">\n    <textarea class=\"f-base f-textarea__input kt-field\" id=\"contact-form-message\" name=contact-form[contact-form-message] required maxlength=\"1000\"><\/textarea>\n  <\/div>\n\n      <span class=\"f-error u-fz-sm gap-1 d-none u-posa w-100 u-z-index-2\">\n  <span class=\"f-error__icon d-flex align-items-center justify-content-center\">\n      \n  <span class=\"icon d-flex align-items-center justify-content-center --colored --danger --sm\">\n          <svg xmlns=\"http:\/\/www.w3.org\/2000\/svg\" height=\"1em\" viewBox=\"0 0 512 512\">\n  <path d=\"M256 512A256 256 0 1 0 256 0a256 256 0 1 0 0 512zm0-384c13.3 0 24 10.7 24 24V264c0 13.3-10.7 24-24 24s-24-10.7-24-24V152c0-13.3 10.7-24 24-24zM224 352a32 32 0 1 1 64 0 32 32 0 1 1 -64 0z\"\/>\n<\/svg>\n      <\/span>\n  <\/span>\n\n  <span class=\"f-error__title\"><\/span>\n<\/span>\n  <\/div>\n        <\/div>\n      \n    <\/div>\n\n    <footer class=\"f-contact__footer d-flex gap-3 justify-content-between flex-wrap\">\n\n              <div class=\"f-contact__terms\">\n                                    By submitting this form, you consent to the <a href=\"https:\/\/apt.cz\/en\/privacy-policy\/\">processing of your personal data<\/a>.\n                              <\/div>\n      \n              <div class=\"f-contact__submit flex-grow-1 flex-md-grow-0\">\n          <button class=\"btn u-posr u-cursor-pointer d-inline-flex gap-1 align-items-center justify-content-center flex-nowrap flex-shrink-0 --primary      --full-width w-100 w-100 w-md-auto\" type=\"submit\" aria-label=\"Send\">\n      <span class=\"btn__title\">\n      Send\n    <\/span>\n  \n      <span class=\"btn__icon d-flex align-items-center justify-content-center\">\n                \n  <span class=\"icon d-flex align-items-center justify-content-center\">\n          <svg xmlns=\"http:\/\/www.w3.org\/2000\/svg\" width=\"20\" height=\"20\" viewBox=\"0 0 20 20\" fill=\"none\">\n  <path d=\"M17.733 0.998 C 17.467 1.089,13.652 2.422,9.255 3.962 C 2.994 6.154,1.233 6.782,1.138 6.859 C 0.882 7.066,0.776 7.445,0.884 7.768 C 1.006 8.137,0.830 8.045,4.850 9.829 C 6.848 10.716,8.501 11.458,8.522 11.479 C 8.544 11.500,9.284 13.144,10.166 15.133 C 11.049 17.122,11.813 18.802,11.864 18.867 C 12.012 19.052,12.238 19.150,12.519 19.150 C 12.724 19.150,12.777 19.137,12.918 19.049 C 13.008 18.994,13.122 18.889,13.173 18.816 C 13.232 18.729,14.288 15.759,16.205 10.283 C 19.014 2.261,19.147 1.873,19.147 1.650 C 19.148 1.472,19.130 1.383,19.073 1.275 C 18.945 1.032,18.601 0.833,18.310 0.833 C 18.259 0.834,17.999 0.908,17.733 0.998 M12.064 6.752 L 8.978 9.838 6.473 8.727 C 5.096 8.117,3.968 7.608,3.968 7.597 C 3.967 7.582,15.064 3.678,15.133 3.669 C 15.142 3.668,13.761 5.055,12.064 6.752 M16.199 5.242 C 16.126 5.448,15.244 7.969,14.238 10.845 L 12.410 16.073 11.287 13.546 L 10.164 11.019 13.240 7.943 C 14.932 6.251,16.320 4.867,16.324 4.867 C 16.328 4.867,16.272 5.035,16.199 5.242 \" fill=\"#282E29\" stroke=\"none\" fill-rule=\"evenodd\"\/>\n<\/svg>\n      <\/span>\n          <\/span>\n  <\/button>\n        <\/div>\n      \n    <\/footer>\n\n\n  \n      <input type=\"hidden\" class=\"f-hidden js-honey hidden kt-field\" name=\"contact-form[contact-form-honey]\" value=\"\" id=\"contact-form-honey\">\n  \n      <input type=\"hidden\" class=\"f-hidden hidden kt-field\" name=\"contact-form[contact-form-favourite]\" value=\"\" id=\"contact-form-favourite\">\n  <\/form>\n  <\/div>\n\n\n  \n      <\/div>\n\n  <\/section>\n","protected":false},"excerpt":{"rendered":"","protected":false},"author":1,"featured_media":0,"parent":0,"menu_order":0,"comment_status":"closed","ping_status":"closed","template":"","meta":{"footnotes":""},"class_list":["post-1260","page","type-page","status-publish","hentry"],"yoast_head":"<!-- This site is optimized with the Yoast SEO plugin v26.1.1 - https:\/\/yoast.com\/wordpress\/plugins\/seo\/ -->\n<title>Bottle Maintenance \u2013 Cylinder Servicing &amp; Industrial Equipment | APT<\/title>\n<meta name=\"description\" content=\"Safe, automated bottle maintenance solutions \u2013 handling, depressurization, pressure testing, cleaning and drying equipment for industrial cylinders.\" \/>\n<meta name=\"robots\" content=\"index, follow, max-snippet:-1, max-image-preview:large, max-video-preview:-1\" \/>\n<link rel=\"canonical\" href=\"https:\/\/apt.cz\/en\/en-bottle-maintenance-cylinder-service\/\" \/>\n<meta property=\"og:locale\" content=\"en_US\" \/>\n<meta property=\"og:type\" content=\"article\" \/>\n<meta property=\"og:title\" content=\"Bottle Maintenance \u2013 Cylinder Servicing &amp; Industrial Equipment | APT\" \/>\n<meta property=\"og:description\" content=\"Safe, automated bottle maintenance solutions \u2013 handling, depressurization, pressure testing, cleaning and drying equipment for industrial cylinders.\" \/>\n<meta property=\"og:url\" content=\"https:\/\/apt.cz\/en\/en-bottle-maintenance-cylinder-service\/\" \/>\n<meta property=\"og:site_name\" content=\"APT\" \/>\n<meta property=\"article:publisher\" content=\"https:\/\/www.facebook.com\/APT.Gas.Technologies\" \/>\n<meta property=\"article:modified_time\" content=\"2026-01-15T12:13:52+00:00\" \/>\n<meta property=\"og:image\" content=\"https:\/\/apt.cz\/wp-content\/uploads\/2025\/12\/Udrzba-lahvi.jpg\" \/>\n<meta name=\"twitter:card\" content=\"summary_large_image\" \/>\n<meta name=\"twitter:site\" content=\"@AptGasTech\" \/>\n<!-- \/ Yoast SEO plugin. -->","yoast_head_json":{"title":"Bottle Maintenance \u2013 Cylinder Servicing & Industrial Equipment | APT","description":"Safe, automated bottle maintenance solutions \u2013 handling, depressurization, pressure testing, cleaning and drying equipment for industrial cylinders.","robots":{"index":"index","follow":"follow","max-snippet":"max-snippet:-1","max-image-preview":"max-image-preview:large","max-video-preview":"max-video-preview:-1"},"canonical":"https:\/\/apt.cz\/en\/en-bottle-maintenance-cylinder-service\/","og_locale":"en_US","og_type":"article","og_title":"Bottle Maintenance \u2013 Cylinder Servicing & Industrial Equipment | APT","og_description":"Safe, automated bottle maintenance solutions \u2013 handling, depressurization, pressure testing, cleaning and drying equipment for industrial cylinders.","og_url":"https:\/\/apt.cz\/en\/en-bottle-maintenance-cylinder-service\/","og_site_name":"APT","article_publisher":"https:\/\/www.facebook.com\/APT.Gas.Technologies","article_modified_time":"2026-01-15T12:13:52+00:00","og_image":[{"url":"https:\/\/apt.cz\/wp-content\/uploads\/2025\/12\/Udrzba-lahvi.jpg","type":"","width":"","height":""}],"twitter_card":"summary_large_image","twitter_site":"@AptGasTech","schema":{"@context":"https:\/\/schema.org","@graph":[{"@type":"WebPage","@id":"https:\/\/apt.cz\/en\/en-bottle-maintenance-cylinder-service\/","url":"https:\/\/apt.cz\/en\/en-bottle-maintenance-cylinder-service\/","name":"Bottle Maintenance \u2013 Cylinder Servicing & Industrial Equipment | APT","isPartOf":{"@id":"https:\/\/apt.cz\/#website"},"primaryImageOfPage":{"@id":"https:\/\/apt.cz\/en\/en-bottle-maintenance-cylinder-service\/#primaryimage"},"image":{"@id":"https:\/\/apt.cz\/en\/en-bottle-maintenance-cylinder-service\/#primaryimage"},"thumbnailUrl":"https:\/\/apt.cz\/wp-content\/uploads\/2025\/12\/Udrzba-lahvi.jpg","datePublished":"2025-02-02T13:22:37+00:00","dateModified":"2026-01-15T12:13:52+00:00","description":"Safe, automated bottle maintenance solutions \u2013 handling, depressurization, pressure testing, cleaning and drying equipment for industrial cylinders.","breadcrumb":{"@id":"https:\/\/apt.cz\/en\/en-bottle-maintenance-cylinder-service\/#breadcrumb"},"inLanguage":"en-US","potentialAction":[{"@type":"ReadAction","target":["https:\/\/apt.cz\/en\/en-bottle-maintenance-cylinder-service\/"]}]},{"@type":"ImageObject","inLanguage":"en-US","@id":"https:\/\/apt.cz\/en\/en-bottle-maintenance-cylinder-service\/#primaryimage","url":"https:\/\/apt.cz\/wp-content\/uploads\/2025\/12\/Udrzba-lahvi.jpg","contentUrl":"https:\/\/apt.cz\/wp-content\/uploads\/2025\/12\/Udrzba-lahvi.jpg"},{"@type":"BreadcrumbList","@id":"https:\/\/apt.cz\/en\/en-bottle-maintenance-cylinder-service\/#breadcrumb","itemListElement":[{"@type":"ListItem","position":1,"name":"Dom\u016f","item":"https:\/\/apt.cz\/en\/"},{"@type":"ListItem","position":2,"name":"Bottle maintenance"}]},{"@type":"WebSite","@id":"https:\/\/apt.cz\/#website","url":"https:\/\/apt.cz\/","name":"APT - Process Technologies & Automation","description":"Kompletn\u00ed dod\u00e1vky procesn\u00edch technologi\u00ed","publisher":{"@id":"https:\/\/apt.cz\/#organization"},"potentialAction":[{"@type":"SearchAction","target":{"@type":"EntryPoint","urlTemplate":"https:\/\/apt.cz\/?s={search_term_string}"},"query-input":{"@type":"PropertyValueSpecification","valueRequired":true,"valueName":"search_term_string"}}],"inLanguage":"en-US"},{"@type":"Organization","@id":"https:\/\/apt.cz\/#organization","name":"APT - Process Technologies & Automation","url":"https:\/\/apt.cz\/","logo":{"@type":"ImageObject","inLanguage":"en-US","@id":"https:\/\/apt.cz\/#\/schema\/logo\/image\/","url":"https:\/\/apt.cz\/wp-content\/uploads\/2025\/11\/APT-EG_C-1-scaled.webp","contentUrl":"https:\/\/apt.cz\/wp-content\/uploads\/2025\/11\/APT-EG_C-1-scaled.webp","width":2560,"height":1535,"caption":"APT - Process Technologies & Automation"},"image":{"@id":"https:\/\/apt.cz\/#\/schema\/logo\/image\/"},"sameAs":["https:\/\/www.facebook.com\/APT.Gas.Technologies","https:\/\/x.com\/AptGasTech"]}]}},"_links":{"self":[{"href":"https:\/\/apt.cz\/en\/wp-json\/wp\/v2\/pages\/1260","targetHints":{"allow":["GET"]}}],"collection":[{"href":"https:\/\/apt.cz\/en\/wp-json\/wp\/v2\/pages"}],"about":[{"href":"https:\/\/apt.cz\/en\/wp-json\/wp\/v2\/types\/page"}],"author":[{"embeddable":true,"href":"https:\/\/apt.cz\/en\/wp-json\/wp\/v2\/users\/1"}],"replies":[{"embeddable":true,"href":"https:\/\/apt.cz\/en\/wp-json\/wp\/v2\/comments?post=1260"}],"version-history":[{"count":6,"href":"https:\/\/apt.cz\/en\/wp-json\/wp\/v2\/pages\/1260\/revisions"}],"predecessor-version":[{"id":2988,"href":"https:\/\/apt.cz\/en\/wp-json\/wp\/v2\/pages\/1260\/revisions\/2988"}],"wp:attachment":[{"href":"https:\/\/apt.cz\/en\/wp-json\/wp\/v2\/media?parent=1260"}],"curies":[{"name":"wp","href":"https:\/\/api.w.org\/{rel}","templated":true}]}}