{"id":1254,"date":"2025-02-06T22:58:05","date_gmt":"2025-02-06T21:58:05","guid":{"rendered":"https:\/\/apt.cz\/sluzby\/"},"modified":"2026-01-15T13:15:20","modified_gmt":"2026-01-15T12:15:20","slug":"en-services-automation-documentation-support","status":"publish","type":"page","link":"https:\/\/apt.cz\/en\/en-services-automation-documentation-support\/","title":{"rendered":"Services"},"content":{"rendered":"\n<section class=\"base-section u-posr --none\">\n  <div class=\"base-section__container d-flex flex-column gap-7 container\">\n        \n<header class=\"base-header d-flex flex-column align-items-center text-center gap-3\">\n\n  \n  <h1 class=\"base-heading mb-0 u-fw-700 u-text-balance u-h2\">\n            Services\n      <\/h1>\n\n      <div class=\"base-header__description entry-content mb-0\">Our practical and flexible solutions, prompt service, and exemplary customer service guarantee quality and reliability. Take a look at all our services.<\/div>\n  \n  \n  \n\n<\/header>\n\n\n<div class=\"g-text-and-media d-flex flex-column gap-4 --reverse\">\n\n  <div class=\"g-text-and-media__col --media-col w-100\">\n    \n<div class=\"i-media u-posr overflow-hidden u-radius-sm\">\n      \n<div class=\"img u-posr overflow-hidden d-block --cover --placeholder  --ratio-3:2\">\n  <picture>\n    \n    <img loading=\"lazy\" decoding=\"async\" src=\"\" data-src=\"https:\/\/apt.cz\/wp-content\/uploads\/2025\/11\/RB_0001-668x445-c-center.webp\" alt=\"Services - APT\" width=\"668\" height=\"445\" draggable=\"false\" srcset=\"\" data-srcset=\"https:\/\/apt.cz\/wp-content\/uploads\/2025\/11\/RB_0001-668x445-c-center.webp 1x, https:\/\/apt.cz\/wp-content\/uploads\/2025\/11\/RB_0001-1336x890-c-center.webp 2x\">\n  <\/picture>\n<\/div>\n  \n  <\/div>\n  <\/div>\n\n  <div class=\"g-text-and-media__col --content-col w-100 align-self-center d-flex flex-column gap-3\">\n\n          <header class=\"base-header d-flex flex-column align-items-center text-center gap-3 --left g-text-and-media__header-in\">\n\n        \n  <h3 class=\"base-heading mb-0 u-fw-700 u-text-balance u-h2\">\n            Automation, documentation, service\n      <\/h3>\n\n  \n  \n  \n\n<\/header>\n    \n          <div class=\"g-text-and-media__body entry-content u-fz-md\">\n                          \n\n<p>We combine experience in <strong>production automation, project preparation, and technology service support<\/strong>. We help companies streamline operations, increase capacity, and reduce costs. It all starts with a thorough analysis and design of a functional solution\u2014from <strong>feasibility studies<\/strong> to the <strong>implementation of robotic systems <\/strong>and<strong> long-term equipment service<\/strong>.<\/p>\n\n\n              <\/div>\n    \n    \n\n\n\n\n  <\/div>\n\n<\/div>\n\n\n  \n      <\/div>\n\n  <\/section>\n\n\n\n<section class=\"base-section u-posr --bottom-0\">\n  <div class=\"base-section__container d-flex flex-column gap-7 container\">\n        \n\n\n<div class=\"g-signpost row gy-4 justify-content-center --cols-4\">\n      <div class=\"g-signpost__cell col-xl-3 col-md-6\">\n      \n\n\n<a class=\"i-signpost d-flex flex-column gap-3 h-100 text-center\" href=\"https:\/\/apt.cz\/en\/automatizace-a-robotizace\/\" title=\"Automation and robotization\">\n\n      <div class=\"i-signpost__image-link u-img-hover flex-shrink-0 u-radius-sm\">\n      \n<div class=\"img u-posr overflow-hidden d-block --cover --placeholder\">\n  <picture>\n    \n    <img loading=\"lazy\" decoding=\"async\" src=\"\" data-src=\"https:\/\/apt.cz\/wp-content\/uploads\/2025\/11\/20251002_093942-scaled-328x246-c-center.webp\" alt=\"Automation and robotization\" width=\"328\" height=\"246\" draggable=\"false\" srcset=\"\" data-srcset=\"https:\/\/apt.cz\/wp-content\/uploads\/2025\/11\/20251002_093942-scaled-328x246-c-center.webp 1x, https:\/\/apt.cz\/wp-content\/uploads\/2025\/11\/20251002_093942-scaled-656x492-c-center.webp 2x\">\n  <\/picture>\n<\/div>\n    <\/div>\n  \n  <div class=\"i-signpost__body d-flex flex-column gap-2 h-100\">\n    <h3 class=\"base-heading mb-0 u-fw-700 u-text-balance u-h4\">\n          <span class=\"i-signpost__heading d-block u-color-text u-text-balance\">Automation and robotization<\/span>\n      <\/h3>\n\n    \n    \n          <div class=\"i-signpost__button d-flex justify-content-center mt-auto\">\n        <span class=\"btn u-posr u-cursor-pointer d-inline-flex gap-1 align-items-center justify-content-center flex-nowrap flex-shrink-0 --primary  --animation-right    --full-width w-100 w-100 w-1-auto\">\n      <span class=\"btn__title\">\n      More\n    <\/span>\n  \n      <span class=\"btn__icon d-flex align-items-center justify-content-center\">\n                \n  <span class=\"icon d-flex align-items-center justify-content-center\">\n          <svg xmlns=\"http:\/\/www.w3.org\/2000\/svg\" width=\"24\" height=\"24\" viewBox=\"0 0 24 24\" fill=\"none\">\n  <path d=\"M11.789 4.043c-.084.02-.202.062-.263.094-.163.084-.388.349-.449.528-.074.216-.064.566.02.735.039.077 1.297 1.368 2.797 2.87L16.62 11h-5.885c-6.414 0-6.054-.013-6.361.222a1.19 1.19 0 0 0-.243.289c-.095.161-.111.233-.111.489s.016.328.111.489c.061.103.17.234.243.289.307.235-.053.222 6.361.222h5.884l-2.745 2.75c-2.245 2.249-2.755 2.779-2.798 2.91-.254.776.422 1.501 1.193 1.28.23-.066.246-.081 3.871-3.693 2.192-2.184 3.678-3.695 3.736-3.798a.956.956 0 0 0 .068-.758c-.061-.182-.374-.506-3.725-3.855-2.488-2.486-3.707-3.677-3.809-3.722a1.031 1.031 0 0 0-.621-.071\" fill=\"#476CFE\" fill-rule=\"evenodd\"\/>\n<\/svg>\n      <\/span>\n          <\/span>\n  <\/span>\n      <\/div>\n      <\/div>\n\n<\/a>\n    <\/div>\n      <div class=\"g-signpost__cell col-xl-3 col-md-6\">\n      \n\n\n<a class=\"i-signpost d-flex flex-column gap-3 h-100 text-center\" href=\"https:\/\/apt.cz\/en\/projektove-dokumentace-a-studie-proveditelnosti\/\" title=\"Project documentation and feasibility studies\">\n\n      <div class=\"i-signpost__image-link u-img-hover flex-shrink-0 u-radius-sm\">\n      \n<div class=\"img u-posr overflow-hidden d-block --cover --placeholder\">\n  <picture>\n    \n    <img loading=\"lazy\" decoding=\"async\" src=\"\" data-src=\"https:\/\/apt.cz\/wp-content\/uploads\/2025\/02\/crop-engineers-pointing-drafts-scaled-328x246-c-center.webp\" alt=\"Project documentation and feasibility studies\" width=\"328\" height=\"246\" draggable=\"false\" srcset=\"\" data-srcset=\"https:\/\/apt.cz\/wp-content\/uploads\/2025\/02\/crop-engineers-pointing-drafts-scaled-328x246-c-center.webp 1x, https:\/\/apt.cz\/wp-content\/uploads\/2025\/02\/crop-engineers-pointing-drafts-scaled-656x492-c-center.webp 2x\">\n  <\/picture>\n<\/div>\n    <\/div>\n  \n  <div class=\"i-signpost__body d-flex flex-column gap-2 h-100\">\n    <h3 class=\"base-heading mb-0 u-fw-700 u-text-balance u-h4\">\n          <span class=\"i-signpost__heading d-block u-color-text u-text-balance\">Project documentation and feasibility studies<\/span>\n      <\/h3>\n\n    \n    \n          <div class=\"i-signpost__button d-flex justify-content-center mt-auto\">\n        <span class=\"btn u-posr u-cursor-pointer d-inline-flex gap-1 align-items-center justify-content-center flex-nowrap flex-shrink-0 --primary  --animation-right    --full-width w-100 w-100 w-1-auto\">\n      <span class=\"btn__title\">\n      More\n    <\/span>\n  \n      <span class=\"btn__icon d-flex align-items-center justify-content-center\">\n                \n  <span class=\"icon d-flex align-items-center justify-content-center\">\n          <svg xmlns=\"http:\/\/www.w3.org\/2000\/svg\" width=\"24\" height=\"24\" viewBox=\"0 0 24 24\" fill=\"none\">\n  <path d=\"M11.789 4.043c-.084.02-.202.062-.263.094-.163.084-.388.349-.449.528-.074.216-.064.566.02.735.039.077 1.297 1.368 2.797 2.87L16.62 11h-5.885c-6.414 0-6.054-.013-6.361.222a1.19 1.19 0 0 0-.243.289c-.095.161-.111.233-.111.489s.016.328.111.489c.061.103.17.234.243.289.307.235-.053.222 6.361.222h5.884l-2.745 2.75c-2.245 2.249-2.755 2.779-2.798 2.91-.254.776.422 1.501 1.193 1.28.23-.066.246-.081 3.871-3.693 2.192-2.184 3.678-3.695 3.736-3.798a.956.956 0 0 0 .068-.758c-.061-.182-.374-.506-3.725-3.855-2.488-2.486-3.707-3.677-3.809-3.722a1.031 1.031 0 0 0-.621-.071\" fill=\"#476CFE\" fill-rule=\"evenodd\"\/>\n<\/svg>\n      <\/span>\n          <\/span>\n  <\/span>\n      <\/div>\n      <\/div>\n\n<\/a>\n    <\/div>\n      <div class=\"g-signpost__cell col-xl-3 col-md-6\">\n      \n\n\n<a class=\"i-signpost d-flex flex-column gap-3 h-100 text-center\" href=\"https:\/\/apt.cz\/en\/servis-zarizeni\/\" title=\"Equipment service\">\n\n      <div class=\"i-signpost__image-link u-img-hover flex-shrink-0 u-radius-sm\">\n      \n<div class=\"img u-posr overflow-hidden d-block --cover --placeholder\">\n  <picture>\n    \n    <img loading=\"lazy\" decoding=\"async\" src=\"\" data-src=\"https:\/\/apt.cz\/wp-content\/uploads\/2025\/10\/DSC06915-328x246-c-center.webp\" alt=\"Equipment service\" width=\"328\" height=\"246\" draggable=\"false\" srcset=\"\" data-srcset=\"https:\/\/apt.cz\/wp-content\/uploads\/2025\/10\/DSC06915-328x246-c-center.webp 1x, https:\/\/apt.cz\/wp-content\/uploads\/2025\/10\/DSC06915-656x492-c-center.webp 2x\">\n  <\/picture>\n<\/div>\n    <\/div>\n  \n  <div class=\"i-signpost__body d-flex flex-column gap-2 h-100\">\n    <h3 class=\"base-heading mb-0 u-fw-700 u-text-balance u-h4\">\n          <span class=\"i-signpost__heading d-block u-color-text u-text-balance\">Equipment service<\/span>\n      <\/h3>\n\n    \n    \n          <div class=\"i-signpost__button d-flex justify-content-center mt-auto\">\n        <span class=\"btn u-posr u-cursor-pointer d-inline-flex gap-1 align-items-center justify-content-center flex-nowrap flex-shrink-0 --primary  --animation-right    --full-width w-100 w-100 w-1-auto\">\n      <span class=\"btn__title\">\n      More\n    <\/span>\n  \n      <span class=\"btn__icon d-flex align-items-center justify-content-center\">\n                \n  <span class=\"icon d-flex align-items-center justify-content-center\">\n          <svg xmlns=\"http:\/\/www.w3.org\/2000\/svg\" width=\"24\" height=\"24\" viewBox=\"0 0 24 24\" fill=\"none\">\n  <path d=\"M11.789 4.043c-.084.02-.202.062-.263.094-.163.084-.388.349-.449.528-.074.216-.064.566.02.735.039.077 1.297 1.368 2.797 2.87L16.62 11h-5.885c-6.414 0-6.054-.013-6.361.222a1.19 1.19 0 0 0-.243.289c-.095.161-.111.233-.111.489s.016.328.111.489c.061.103.17.234.243.289.307.235-.053.222 6.361.222h5.884l-2.745 2.75c-2.245 2.249-2.755 2.779-2.798 2.91-.254.776.422 1.501 1.193 1.28.23-.066.246-.081 3.871-3.693 2.192-2.184 3.678-3.695 3.736-3.798a.956.956 0 0 0 .068-.758c-.061-.182-.374-.506-3.725-3.855-2.488-2.486-3.707-3.677-3.809-3.722a1.031 1.031 0 0 0-.621-.071\" fill=\"#476CFE\" fill-rule=\"evenodd\"\/>\n<\/svg>\n      <\/span>\n          <\/span>\n  <\/span>\n      <\/div>\n      <\/div>\n\n<\/a>\n    <\/div>\n  <\/div>\n\n\n  \n      <\/div>\n\n  <\/section>\n\n\n\n<section class=\"base-section u-posr\">\n  <div class=\"base-section__container d-flex flex-column gap-7 container\">\n        \n<header class=\"base-header d-flex flex-column align-items-center text-center gap-3\">\n\n  \n  <h2 class=\"base-heading mb-0 u-fw-700 u-text-balance u-h2\">\n            Are you interested?\n      <\/h2>\n\n  \n  \n  \n\n<\/header>\n\n\n  <div class=\"u-bg-secondary-shade p-3 p-sm-4 p-xl-8 u-radius-md\">\n    \n\n\n\n        \n\n        <form class=\"base-form --validate f-contact d-flex flex-column gap-4\" id=\"contact-form\" action=\"https:\/\/apt.cz\/en\/wp-json\/wp\/v2\/pages\/1254\" method=\"POST\" enctype=\"multipart\/form-data\">\n      <div class=\"f-contact__grid row gy-4\">\n\n              <div class=col-lg-4>\n            \n\n\n\n\n<div class=\"f-text d-flex flex-column gap-1 u-posr kt-field\">\n\n      <label class=\"f-label d-flex align-items-center mb-0 px-1 py-0 u-fz-md u-color-text --required\" for=\"contact-form-name\">\n  First and last name\n<\/label>\n  \n  <div class=\"f-text__wrap d-flex align-items-center u-posr\">\n\n    \n    <input class=\"f-base f-text__input\" type=\"text\" id=\"contact-form-name\" value=\"\" name=contact-form[contact-form-name] maxlength=\"30\" required>\n\n    \n      <\/div>\n\n      <span class=\"f-error u-fz-sm gap-1 d-none u-posa w-100 u-z-index-2\">\n  <span class=\"f-error__icon d-flex align-items-center justify-content-center\">\n      \n  <span class=\"icon d-flex align-items-center justify-content-center --colored --danger --sm\">\n          <svg xmlns=\"http:\/\/www.w3.org\/2000\/svg\" height=\"1em\" viewBox=\"0 0 512 512\">\n  <path d=\"M256 512A256 256 0 1 0 256 0a256 256 0 1 0 0 512zm0-384c13.3 0 24 10.7 24 24V264c0 13.3-10.7 24-24 24s-24-10.7-24-24V152c0-13.3 10.7-24 24-24zM224 352a32 32 0 1 1 64 0 32 32 0 1 1 -64 0z\"\/>\n<\/svg>\n      <\/span>\n  <\/span>\n\n  <span class=\"f-error__title\"><\/span>\n<\/span>\n  \n<\/div>\n        <\/div>\n      \n              <div class=col-lg-4>\n            \n\n\n\n\n<div class=\"f-text d-flex flex-column gap-1 u-posr kt-field\">\n\n      <label class=\"f-label d-flex align-items-center mb-0 px-1 py-0 u-fz-md u-color-text --required\" for=\"contact-form-email\">\n  E-mail\n<\/label>\n  \n  <div class=\"f-text__wrap d-flex align-items-center u-posr\">\n\n    \n    <input class=\"f-base f-text__input\" type=\"email\" id=\"contact-form-email\" value=\"\" name=contact-form[contact-form-email] maxlength=\"100\" required>\n\n    \n      <\/div>\n\n      <span class=\"f-error u-fz-sm gap-1 d-none u-posa w-100 u-z-index-2\">\n  <span class=\"f-error__icon d-flex align-items-center justify-content-center\">\n      \n  <span class=\"icon d-flex align-items-center justify-content-center --colored --danger --sm\">\n          <svg xmlns=\"http:\/\/www.w3.org\/2000\/svg\" height=\"1em\" viewBox=\"0 0 512 512\">\n  <path d=\"M256 512A256 256 0 1 0 256 0a256 256 0 1 0 0 512zm0-384c13.3 0 24 10.7 24 24V264c0 13.3-10.7 24-24 24s-24-10.7-24-24V152c0-13.3 10.7-24 24-24zM224 352a32 32 0 1 1 64 0 32 32 0 1 1 -64 0z\"\/>\n<\/svg>\n      <\/span>\n  <\/span>\n\n  <span class=\"f-error__title\"><\/span>\n<\/span>\n  \n<\/div>\n        <\/div>\n      \n              <div class=col-lg-4>\n            \n\n\n\n\n<div class=\"f-text d-flex flex-column gap-1 u-posr kt-field\">\n\n      <label class=\"f-label d-flex align-items-center mb-0 px-1 py-0 u-fz-md u-color-text --required\" for=\"contact-form-phone\">\n  Phone\n<\/label>\n  \n  <div class=\"f-text__wrap d-flex align-items-center u-posr\">\n\n    \n    <input class=\"f-base f-text__input\" type=\"text\" id=\"contact-form-phone\" value=\"\" name=contact-form[contact-form-phone] maxlength=\"\" required>\n\n    \n      <\/div>\n\n      <span class=\"f-error u-fz-sm gap-1 d-none u-posa w-100 u-z-index-2\">\n  <span class=\"f-error__icon d-flex align-items-center justify-content-center\">\n      \n  <span class=\"icon d-flex align-items-center justify-content-center --colored --danger --sm\">\n          <svg xmlns=\"http:\/\/www.w3.org\/2000\/svg\" height=\"1em\" viewBox=\"0 0 512 512\">\n  <path d=\"M256 512A256 256 0 1 0 256 0a256 256 0 1 0 0 512zm0-384c13.3 0 24 10.7 24 24V264c0 13.3-10.7 24-24 24s-24-10.7-24-24V152c0-13.3 10.7-24 24-24zM224 352a32 32 0 1 1 64 0 32 32 0 1 1 -64 0z\"\/>\n<\/svg>\n      <\/span>\n  <\/span>\n\n  <span class=\"f-error__title\"><\/span>\n<\/span>\n  \n<\/div>\n        <\/div>\n      \n      \n      \n              <div class=\"col-12\">\n            <div class=\"f-textarea d-flex flex-column gap-1 u-posr kt-field\">\n\n      <label class=\"f-label d-flex align-items-center mb-0 px-1 py-0 u-fz-md u-color-text --required\" for=\"contact-form-message\">\n  Message\n<\/label>\n  \n  <div class=\"f-textarea__wrap d-flex align-items-center u-posr\">\n    <textarea class=\"f-base f-textarea__input kt-field\" id=\"contact-form-message\" name=contact-form[contact-form-message] required maxlength=\"1000\"><\/textarea>\n  <\/div>\n\n      <span class=\"f-error u-fz-sm gap-1 d-none u-posa w-100 u-z-index-2\">\n  <span class=\"f-error__icon d-flex align-items-center justify-content-center\">\n      \n  <span class=\"icon d-flex align-items-center justify-content-center --colored --danger --sm\">\n          <svg xmlns=\"http:\/\/www.w3.org\/2000\/svg\" height=\"1em\" viewBox=\"0 0 512 512\">\n  <path d=\"M256 512A256 256 0 1 0 256 0a256 256 0 1 0 0 512zm0-384c13.3 0 24 10.7 24 24V264c0 13.3-10.7 24-24 24s-24-10.7-24-24V152c0-13.3 10.7-24 24-24zM224 352a32 32 0 1 1 64 0 32 32 0 1 1 -64 0z\"\/>\n<\/svg>\n      <\/span>\n  <\/span>\n\n  <span class=\"f-error__title\"><\/span>\n<\/span>\n  <\/div>\n        <\/div>\n      \n    <\/div>\n\n    <footer class=\"f-contact__footer d-flex gap-3 justify-content-between flex-wrap\">\n\n              <div class=\"f-contact__terms\">\n                                    By submitting this form, you consent to the <a href=\"https:\/\/apt.cz\/en\/privacy-policy\/\">processing of your personal data<\/a>.\n                              <\/div>\n      \n              <div class=\"f-contact__submit flex-grow-1 flex-md-grow-0\">\n          <button class=\"btn u-posr u-cursor-pointer d-inline-flex gap-1 align-items-center justify-content-center flex-nowrap flex-shrink-0 --primary      --full-width w-100 w-100 w-md-auto\" type=\"submit\" aria-label=\"Send\">\n      <span class=\"btn__title\">\n      Send\n    <\/span>\n  \n      <span class=\"btn__icon d-flex align-items-center justify-content-center\">\n                \n  <span class=\"icon d-flex align-items-center justify-content-center\">\n          <svg xmlns=\"http:\/\/www.w3.org\/2000\/svg\" width=\"20\" height=\"20\" viewBox=\"0 0 20 20\" fill=\"none\">\n  <path d=\"M17.733 0.998 C 17.467 1.089,13.652 2.422,9.255 3.962 C 2.994 6.154,1.233 6.782,1.138 6.859 C 0.882 7.066,0.776 7.445,0.884 7.768 C 1.006 8.137,0.830 8.045,4.850 9.829 C 6.848 10.716,8.501 11.458,8.522 11.479 C 8.544 11.500,9.284 13.144,10.166 15.133 C 11.049 17.122,11.813 18.802,11.864 18.867 C 12.012 19.052,12.238 19.150,12.519 19.150 C 12.724 19.150,12.777 19.137,12.918 19.049 C 13.008 18.994,13.122 18.889,13.173 18.816 C 13.232 18.729,14.288 15.759,16.205 10.283 C 19.014 2.261,19.147 1.873,19.147 1.650 C 19.148 1.472,19.130 1.383,19.073 1.275 C 18.945 1.032,18.601 0.833,18.310 0.833 C 18.259 0.834,17.999 0.908,17.733 0.998 M12.064 6.752 L 8.978 9.838 6.473 8.727 C 5.096 8.117,3.968 7.608,3.968 7.597 C 3.967 7.582,15.064 3.678,15.133 3.669 C 15.142 3.668,13.761 5.055,12.064 6.752 M16.199 5.242 C 16.126 5.448,15.244 7.969,14.238 10.845 L 12.410 16.073 11.287 13.546 L 10.164 11.019 13.240 7.943 C 14.932 6.251,16.320 4.867,16.324 4.867 C 16.328 4.867,16.272 5.035,16.199 5.242 \" fill=\"#282E29\" stroke=\"none\" fill-rule=\"evenodd\"\/>\n<\/svg>\n      <\/span>\n          <\/span>\n  <\/button>\n        <\/div>\n      \n    <\/footer>\n\n\n  \n      <input type=\"hidden\" class=\"f-hidden js-honey hidden kt-field\" name=\"contact-form[contact-form-honey]\" value=\"\" id=\"contact-form-honey\">\n  \n      <input type=\"hidden\" class=\"f-hidden hidden kt-field\" name=\"contact-form[contact-form-favourite]\" value=\"\" id=\"contact-form-favourite\">\n  <\/form>\n  <\/div>\n\n\n  \n      <\/div>\n\n  <\/section>\n","protected":false},"excerpt":{"rendered":"","protected":false},"author":1,"featured_media":0,"parent":0,"menu_order":0,"comment_status":"closed","ping_status":"closed","template":"","meta":{"footnotes":""},"class_list":["post-1254","page","type-page","status-publish","hentry"],"yoast_head":"<!-- This site is optimized with the Yoast SEO plugin v26.1.1 - https:\/\/yoast.com\/wordpress\/plugins\/seo\/ -->\n<title>Services \u2013 Automation, Documentation &amp; Equipment Support | APT<\/title>\n<meta name=\"description\" content=\"Industrial automation, project documentation, feasibility studies and long-term equipment service to streamline operations and improve efficiency.\" \/>\n<meta name=\"robots\" content=\"index, follow, max-snippet:-1, max-image-preview:large, max-video-preview:-1\" \/>\n<link rel=\"canonical\" href=\"https:\/\/apt.cz\/en\/en-services-automation-documentation-support\/\" \/>\n<meta property=\"og:locale\" content=\"en_US\" \/>\n<meta property=\"og:type\" content=\"article\" \/>\n<meta property=\"og:title\" content=\"Services \u2013 Automation, Documentation &amp; Equipment Support | APT\" \/>\n<meta property=\"og:description\" content=\"Industrial automation, project documentation, feasibility studies and long-term equipment service to streamline operations and improve efficiency.\" \/>\n<meta property=\"og:url\" content=\"https:\/\/apt.cz\/en\/en-services-automation-documentation-support\/\" \/>\n<meta property=\"og:site_name\" content=\"APT\" \/>\n<meta property=\"article:publisher\" content=\"https:\/\/www.facebook.com\/APT.Gas.Technologies\" \/>\n<meta property=\"article:modified_time\" content=\"2026-01-15T12:15:20+00:00\" \/>\n<meta property=\"og:image\" content=\"https:\/\/apt.cz\/wp-content\/uploads\/2025\/11\/APT-EG_C-1-scaled-1.webp\" \/>\n\t<meta property=\"og:image:width\" content=\"2560\" \/>\n\t<meta property=\"og:image:height\" content=\"1535\" \/>\n\t<meta property=\"og:image:type\" content=\"image\/webp\" \/>\n<meta name=\"twitter:card\" content=\"summary_large_image\" \/>\n<meta name=\"twitter:site\" content=\"@AptGasTech\" \/>\n<!-- \/ Yoast SEO plugin. -->","yoast_head_json":{"title":"Services \u2013 Automation, Documentation & Equipment Support | APT","description":"Industrial automation, project documentation, feasibility studies and long-term equipment service to streamline operations and improve efficiency.","robots":{"index":"index","follow":"follow","max-snippet":"max-snippet:-1","max-image-preview":"max-image-preview:large","max-video-preview":"max-video-preview:-1"},"canonical":"https:\/\/apt.cz\/en\/en-services-automation-documentation-support\/","og_locale":"en_US","og_type":"article","og_title":"Services \u2013 Automation, Documentation & Equipment Support | APT","og_description":"Industrial automation, project documentation, feasibility studies and long-term equipment service to streamline operations and improve efficiency.","og_url":"https:\/\/apt.cz\/en\/en-services-automation-documentation-support\/","og_site_name":"APT","article_publisher":"https:\/\/www.facebook.com\/APT.Gas.Technologies","article_modified_time":"2026-01-15T12:15:20+00:00","og_image":[{"width":2560,"height":1535,"url":"https:\/\/apt.cz\/wp-content\/uploads\/2025\/11\/APT-EG_C-1-scaled-1.webp","type":"image\/webp"}],"twitter_card":"summary_large_image","twitter_site":"@AptGasTech","schema":{"@context":"https:\/\/schema.org","@graph":[{"@type":"WebPage","@id":"https:\/\/apt.cz\/en\/en-services-automation-documentation-support\/","url":"https:\/\/apt.cz\/en\/en-services-automation-documentation-support\/","name":"Services \u2013 Automation, Documentation & Equipment Support | APT","isPartOf":{"@id":"https:\/\/apt.cz\/#website"},"datePublished":"2025-02-06T21:58:05+00:00","dateModified":"2026-01-15T12:15:20+00:00","description":"Industrial automation, project documentation, feasibility studies and long-term equipment service to streamline operations and improve efficiency.","breadcrumb":{"@id":"https:\/\/apt.cz\/en\/en-services-automation-documentation-support\/#breadcrumb"},"inLanguage":"en-US","potentialAction":[{"@type":"ReadAction","target":["https:\/\/apt.cz\/en\/en-services-automation-documentation-support\/"]}]},{"@type":"BreadcrumbList","@id":"https:\/\/apt.cz\/en\/en-services-automation-documentation-support\/#breadcrumb","itemListElement":[{"@type":"ListItem","position":1,"name":"Dom\u016f","item":"https:\/\/apt.cz\/en\/"},{"@type":"ListItem","position":2,"name":"Services"}]},{"@type":"WebSite","@id":"https:\/\/apt.cz\/#website","url":"https:\/\/apt.cz\/","name":"APT - Process Technologies & Automation","description":"Kompletn\u00ed dod\u00e1vky procesn\u00edch technologi\u00ed","publisher":{"@id":"https:\/\/apt.cz\/#organization"},"potentialAction":[{"@type":"SearchAction","target":{"@type":"EntryPoint","urlTemplate":"https:\/\/apt.cz\/?s={search_term_string}"},"query-input":{"@type":"PropertyValueSpecification","valueRequired":true,"valueName":"search_term_string"}}],"inLanguage":"en-US"},{"@type":"Organization","@id":"https:\/\/apt.cz\/#organization","name":"APT - Process Technologies & Automation","url":"https:\/\/apt.cz\/","logo":{"@type":"ImageObject","inLanguage":"en-US","@id":"https:\/\/apt.cz\/#\/schema\/logo\/image\/","url":"https:\/\/apt.cz\/wp-content\/uploads\/2025\/11\/APT-EG_C-1-scaled.webp","contentUrl":"https:\/\/apt.cz\/wp-content\/uploads\/2025\/11\/APT-EG_C-1-scaled.webp","width":2560,"height":1535,"caption":"APT - Process Technologies & Automation"},"image":{"@id":"https:\/\/apt.cz\/#\/schema\/logo\/image\/"},"sameAs":["https:\/\/www.facebook.com\/APT.Gas.Technologies","https:\/\/x.com\/AptGasTech"]}]}},"_links":{"self":[{"href":"https:\/\/apt.cz\/en\/wp-json\/wp\/v2\/pages\/1254","targetHints":{"allow":["GET"]}}],"collection":[{"href":"https:\/\/apt.cz\/en\/wp-json\/wp\/v2\/pages"}],"about":[{"href":"https:\/\/apt.cz\/en\/wp-json\/wp\/v2\/types\/page"}],"author":[{"embeddable":true,"href":"https:\/\/apt.cz\/en\/wp-json\/wp\/v2\/users\/1"}],"replies":[{"embeddable":true,"href":"https:\/\/apt.cz\/en\/wp-json\/wp\/v2\/comments?post=1254"}],"version-history":[{"count":6,"href":"https:\/\/apt.cz\/en\/wp-json\/wp\/v2\/pages\/1254\/revisions"}],"predecessor-version":[{"id":3013,"href":"https:\/\/apt.cz\/en\/wp-json\/wp\/v2\/pages\/1254\/revisions\/3013"}],"wp:attachment":[{"href":"https:\/\/apt.cz\/en\/wp-json\/wp\/v2\/media?parent=1254"}],"curies":[{"name":"wp","href":"https:\/\/api.w.org\/{rel}","templated":true}]}}