{"id":1236,"date":"2025-02-06T23:46:36","date_gmt":"2025-02-06T22:46:36","guid":{"rendered":"https:\/\/apt.cz\/projekty-eu\/"},"modified":"2026-01-15T13:14:13","modified_gmt":"2026-01-15T12:14:13","slug":"en-eu-funded-projects-innovation","status":"publish","type":"page","link":"https:\/\/apt.cz\/en\/en-eu-funded-projects-innovation\/","title":{"rendered":"EU projects"},"content":{"rendered":"\n<section class=\"base-section u-posr --none\">\n  <div class=\"base-section__container d-flex flex-column gap-7 container\">\n        \n<header class=\"base-header d-flex flex-column align-items-center text-center gap-3\">\n\n  \n  <h1 class=\"base-heading mb-0 u-fw-700 u-text-balance u-h2\">\n            EU projects\n      <\/h1>\n\n      <div class=\"base-header__description entry-content mb-0\">Here you will find information on projects co-financed by the European Union.<\/div>\n  \n  \n  \n\n<\/header>\n\n\n\n<div class=\"row justify-content-center gy-4\">\n    <div class=\"col-lg-8\">\n      <div class=\"g-faqs d-flex flex-column gap-2\">\n          <article class=\"i-faq\">\n  <header class=\"i-faq__header d-flex gap-2 p-3 u-posr\">\n    \n\n    <h3 class=\"base-heading mb-0 u-fw-700 u-text-balance u-h5\">\n            Raising the digital level of society\n      <\/h3>\n\n    <div class=\"i-faq__toggler ms-auto flex-shrink-0\">\n      <svg class=\"c-svg --colored --secondary\" data-src=\"https:\/\/apt.cz\/wp-content\/themes\/brilo-theme\/assets\/images\/svg\/chevron-down.svg\" width=\"24\" height=\"24\" data-loading=\"lazy\" data-cache=\"disabled\"><\/svg>\n    <\/div>\n  <\/header>\n\n  <div class=\"i-faq__body\">\n    <div class=\"i-faq__body-inner\">\n      <div class=\"entry-content p-3\">\n        \n<figure class=\"wp-block-image size-large\"><img loading=\"lazy\" decoding=\"async\" width=\"746\" height=\"1024\" src=\"https:\/\/apt.cz\/wp-content\/uploads\/2025\/10\/EU_digi-1119x1536-1-746x1024.webp\" alt=\"EU projects - APT\" class=\"wp-image-1082\" srcset=\"https:\/\/apt.cz\/wp-content\/uploads\/2025\/10\/EU_digi-1119x1536-1-746x1024.webp 746w, https:\/\/apt.cz\/wp-content\/uploads\/2025\/10\/EU_digi-1119x1536-1-219x300.webp 219w, https:\/\/apt.cz\/wp-content\/uploads\/2025\/10\/EU_digi-1119x1536-1-768x1054.webp 768w, https:\/\/apt.cz\/wp-content\/uploads\/2025\/10\/EU_digi-1119x1536-1.webp 1119w\" sizes=\"auto, (max-width: 746px) 100vw, 746px\" \/><\/figure>\n\n      <\/div>\n    <\/div>\n  <\/div>\n\n<\/article>\n      <\/div>\n\n  \n                  \n      \n    <script type=\"application\/ld+json\">\n      {\"@context\":\"https:\\\/\\\/schema.org\",\"@type\":\"FAQPage\",\"mainEntity\":[{\"@type\":\"Question\",\"name\":\"Raising the digital level of society\",\"acceptedAnswer\":{\"@type\":\"Answer\",\"text\":\"\\n\\n\"}}]}\n    <\/script>\n    <\/div>\n<\/div>\n\n\n  \n      <\/div>\n\n  <\/section>\n\n\n\n<section class=\"base-section u-posr\">\n  <div class=\"base-section__container d-flex flex-column gap-7 container\">\n        \n<header class=\"base-header d-flex flex-column align-items-center text-center gap-3\">\n\n  \n  <h2 class=\"base-heading mb-0 u-fw-700 u-text-balance u-h2\">\n            Are you interested?\n      <\/h2>\n\n  \n  \n  \n\n<\/header>\n\n\n  <div class=\"u-bg-secondary-shade p-3 p-sm-4 p-xl-8 u-radius-md\">\n    \n\n\n\n        \n\n        <form class=\"base-form --validate f-contact d-flex flex-column gap-4\" id=\"contact-form\" action=\"https:\/\/apt.cz\/en\/wp-json\/wp\/v2\/pages\/1236\" method=\"POST\" enctype=\"multipart\/form-data\">\n      <div class=\"f-contact__grid row gy-4\">\n\n              <div class=col-lg-4>\n            \n\n\n\n\n<div class=\"f-text d-flex flex-column gap-1 u-posr kt-field\">\n\n      <label class=\"f-label d-flex align-items-center mb-0 px-1 py-0 u-fz-md u-color-text --required\" for=\"contact-form-name\">\n  First and last name\n<\/label>\n  \n  <div class=\"f-text__wrap d-flex align-items-center u-posr\">\n\n    \n    <input class=\"f-base f-text__input\" type=\"text\" id=\"contact-form-name\" value=\"\" name=contact-form[contact-form-name] maxlength=\"30\" required>\n\n    \n      <\/div>\n\n      <span class=\"f-error u-fz-sm gap-1 d-none u-posa w-100 u-z-index-2\">\n  <span class=\"f-error__icon d-flex align-items-center justify-content-center\">\n      \n  <span class=\"icon d-flex align-items-center justify-content-center --colored --danger --sm\">\n          <svg xmlns=\"http:\/\/www.w3.org\/2000\/svg\" height=\"1em\" viewBox=\"0 0 512 512\">\n  <path d=\"M256 512A256 256 0 1 0 256 0a256 256 0 1 0 0 512zm0-384c13.3 0 24 10.7 24 24V264c0 13.3-10.7 24-24 24s-24-10.7-24-24V152c0-13.3 10.7-24 24-24zM224 352a32 32 0 1 1 64 0 32 32 0 1 1 -64 0z\"\/>\n<\/svg>\n      <\/span>\n  <\/span>\n\n  <span class=\"f-error__title\"><\/span>\n<\/span>\n  \n<\/div>\n        <\/div>\n      \n              <div class=col-lg-4>\n            \n\n\n\n\n<div class=\"f-text d-flex flex-column gap-1 u-posr kt-field\">\n\n      <label class=\"f-label d-flex align-items-center mb-0 px-1 py-0 u-fz-md u-color-text --required\" for=\"contact-form-email\">\n  E-mail\n<\/label>\n  \n  <div class=\"f-text__wrap d-flex align-items-center u-posr\">\n\n    \n    <input class=\"f-base f-text__input\" type=\"email\" id=\"contact-form-email\" value=\"\" name=contact-form[contact-form-email] maxlength=\"100\" required>\n\n    \n      <\/div>\n\n      <span class=\"f-error u-fz-sm gap-1 d-none u-posa w-100 u-z-index-2\">\n  <span class=\"f-error__icon d-flex align-items-center justify-content-center\">\n      \n  <span class=\"icon d-flex align-items-center justify-content-center --colored --danger --sm\">\n          <svg xmlns=\"http:\/\/www.w3.org\/2000\/svg\" height=\"1em\" viewBox=\"0 0 512 512\">\n  <path d=\"M256 512A256 256 0 1 0 256 0a256 256 0 1 0 0 512zm0-384c13.3 0 24 10.7 24 24V264c0 13.3-10.7 24-24 24s-24-10.7-24-24V152c0-13.3 10.7-24 24-24zM224 352a32 32 0 1 1 64 0 32 32 0 1 1 -64 0z\"\/>\n<\/svg>\n      <\/span>\n  <\/span>\n\n  <span class=\"f-error__title\"><\/span>\n<\/span>\n  \n<\/div>\n        <\/div>\n      \n              <div class=col-lg-4>\n            \n\n\n\n\n<div class=\"f-text d-flex flex-column gap-1 u-posr kt-field\">\n\n      <label class=\"f-label d-flex align-items-center mb-0 px-1 py-0 u-fz-md u-color-text --required\" for=\"contact-form-phone\">\n  Phone\n<\/label>\n  \n  <div class=\"f-text__wrap d-flex align-items-center u-posr\">\n\n    \n    <input class=\"f-base f-text__input\" type=\"text\" id=\"contact-form-phone\" value=\"\" name=contact-form[contact-form-phone] maxlength=\"\" required>\n\n    \n      <\/div>\n\n      <span class=\"f-error u-fz-sm gap-1 d-none u-posa w-100 u-z-index-2\">\n  <span class=\"f-error__icon d-flex align-items-center justify-content-center\">\n      \n  <span class=\"icon d-flex align-items-center justify-content-center --colored --danger --sm\">\n          <svg xmlns=\"http:\/\/www.w3.org\/2000\/svg\" height=\"1em\" viewBox=\"0 0 512 512\">\n  <path d=\"M256 512A256 256 0 1 0 256 0a256 256 0 1 0 0 512zm0-384c13.3 0 24 10.7 24 24V264c0 13.3-10.7 24-24 24s-24-10.7-24-24V152c0-13.3 10.7-24 24-24zM224 352a32 32 0 1 1 64 0 32 32 0 1 1 -64 0z\"\/>\n<\/svg>\n      <\/span>\n  <\/span>\n\n  <span class=\"f-error__title\"><\/span>\n<\/span>\n  \n<\/div>\n        <\/div>\n      \n      \n      \n              <div class=\"col-12\">\n            <div class=\"f-textarea d-flex flex-column gap-1 u-posr kt-field\">\n\n      <label class=\"f-label d-flex align-items-center mb-0 px-1 py-0 u-fz-md u-color-text --required\" for=\"contact-form-message\">\n  Message\n<\/label>\n  \n  <div class=\"f-textarea__wrap d-flex align-items-center u-posr\">\n    <textarea class=\"f-base f-textarea__input kt-field\" id=\"contact-form-message\" name=contact-form[contact-form-message] required maxlength=\"1000\"><\/textarea>\n  <\/div>\n\n      <span class=\"f-error u-fz-sm gap-1 d-none u-posa w-100 u-z-index-2\">\n  <span class=\"f-error__icon d-flex align-items-center justify-content-center\">\n      \n  <span class=\"icon d-flex align-items-center justify-content-center --colored --danger --sm\">\n          <svg xmlns=\"http:\/\/www.w3.org\/2000\/svg\" height=\"1em\" viewBox=\"0 0 512 512\">\n  <path d=\"M256 512A256 256 0 1 0 256 0a256 256 0 1 0 0 512zm0-384c13.3 0 24 10.7 24 24V264c0 13.3-10.7 24-24 24s-24-10.7-24-24V152c0-13.3 10.7-24 24-24zM224 352a32 32 0 1 1 64 0 32 32 0 1 1 -64 0z\"\/>\n<\/svg>\n      <\/span>\n  <\/span>\n\n  <span class=\"f-error__title\"><\/span>\n<\/span>\n  <\/div>\n        <\/div>\n      \n    <\/div>\n\n    <footer class=\"f-contact__footer d-flex gap-3 justify-content-between flex-wrap\">\n\n              <div class=\"f-contact__terms\">\n                                    By submitting this form, you consent to the <a href=\"https:\/\/apt.cz\/en\/privacy-policy\/\">processing of your personal data<\/a>.\n                              <\/div>\n      \n              <div class=\"f-contact__submit flex-grow-1 flex-md-grow-0\">\n          <button class=\"btn u-posr u-cursor-pointer d-inline-flex gap-1 align-items-center justify-content-center flex-nowrap flex-shrink-0 --primary      --full-width w-100 w-100 w-md-auto\" type=\"submit\" aria-label=\"Send\">\n      <span class=\"btn__title\">\n      Send\n    <\/span>\n  \n      <span class=\"btn__icon d-flex align-items-center justify-content-center\">\n                \n  <span class=\"icon d-flex align-items-center justify-content-center\">\n          <svg xmlns=\"http:\/\/www.w3.org\/2000\/svg\" width=\"20\" height=\"20\" viewBox=\"0 0 20 20\" fill=\"none\">\n  <path d=\"M17.733 0.998 C 17.467 1.089,13.652 2.422,9.255 3.962 C 2.994 6.154,1.233 6.782,1.138 6.859 C 0.882 7.066,0.776 7.445,0.884 7.768 C 1.006 8.137,0.830 8.045,4.850 9.829 C 6.848 10.716,8.501 11.458,8.522 11.479 C 8.544 11.500,9.284 13.144,10.166 15.133 C 11.049 17.122,11.813 18.802,11.864 18.867 C 12.012 19.052,12.238 19.150,12.519 19.150 C 12.724 19.150,12.777 19.137,12.918 19.049 C 13.008 18.994,13.122 18.889,13.173 18.816 C 13.232 18.729,14.288 15.759,16.205 10.283 C 19.014 2.261,19.147 1.873,19.147 1.650 C 19.148 1.472,19.130 1.383,19.073 1.275 C 18.945 1.032,18.601 0.833,18.310 0.833 C 18.259 0.834,17.999 0.908,17.733 0.998 M12.064 6.752 L 8.978 9.838 6.473 8.727 C 5.096 8.117,3.968 7.608,3.968 7.597 C 3.967 7.582,15.064 3.678,15.133 3.669 C 15.142 3.668,13.761 5.055,12.064 6.752 M16.199 5.242 C 16.126 5.448,15.244 7.969,14.238 10.845 L 12.410 16.073 11.287 13.546 L 10.164 11.019 13.240 7.943 C 14.932 6.251,16.320 4.867,16.324 4.867 C 16.328 4.867,16.272 5.035,16.199 5.242 \" fill=\"#282E29\" stroke=\"none\" fill-rule=\"evenodd\"\/>\n<\/svg>\n      <\/span>\n          <\/span>\n  <\/button>\n        <\/div>\n      \n    <\/footer>\n\n\n  \n      <input type=\"hidden\" class=\"f-hidden js-honey hidden kt-field\" name=\"contact-form[contact-form-honey]\" value=\"\" id=\"contact-form-honey\">\n  \n      <input type=\"hidden\" class=\"f-hidden hidden kt-field\" name=\"contact-form[contact-form-favourite]\" value=\"\" id=\"contact-form-favourite\">\n  <\/form>\n  <\/div>\n\n\n  \n      <\/div>\n\n  <\/section>\n","protected":false},"excerpt":{"rendered":"","protected":false},"author":1,"featured_media":0,"parent":0,"menu_order":0,"comment_status":"closed","ping_status":"closed","template":"","meta":{"footnotes":""},"class_list":["post-1236","page","type-page","status-publish","hentry"],"yoast_head":"<!-- This site is optimized with the Yoast SEO plugin v26.1.1 - https:\/\/yoast.com\/wordpress\/plugins\/seo\/ -->\n<title>EU Projects \u2013 EU-Funded Innovation &amp; Digital Development | APT<\/title>\n<meta name=\"description\" content=\"Information about APT\u2019s EU-funded projects, including digital transformation and innovation initiatives supported by European Union financing.\" \/>\n<meta name=\"robots\" content=\"index, follow, max-snippet:-1, max-image-preview:large, max-video-preview:-1\" \/>\n<link rel=\"canonical\" href=\"https:\/\/apt.cz\/en\/en-eu-funded-projects-innovation\/\" \/>\n<meta property=\"og:locale\" content=\"en_US\" \/>\n<meta property=\"og:type\" content=\"article\" \/>\n<meta property=\"og:title\" content=\"EU Projects \u2013 EU-Funded Innovation &amp; Digital Development | APT\" \/>\n<meta property=\"og:description\" content=\"Information about APT\u2019s EU-funded projects, including digital transformation and innovation initiatives supported by European Union financing.\" \/>\n<meta property=\"og:url\" content=\"https:\/\/apt.cz\/en\/en-eu-funded-projects-innovation\/\" \/>\n<meta property=\"og:site_name\" content=\"APT\" \/>\n<meta property=\"article:publisher\" content=\"https:\/\/www.facebook.com\/APT.Gas.Technologies\" \/>\n<meta property=\"article:modified_time\" content=\"2026-01-15T12:14:13+00:00\" \/>\n<meta property=\"og:image\" content=\"https:\/\/apt.cz\/wp-content\/uploads\/2025\/10\/EU_digi-1119x1536-1-746x1024.webp\" \/>\n<meta name=\"twitter:card\" content=\"summary_large_image\" \/>\n<meta name=\"twitter:site\" content=\"@AptGasTech\" \/>\n<!-- \/ Yoast SEO plugin. -->","yoast_head_json":{"title":"EU Projects \u2013 EU-Funded Innovation & Digital Development | APT","description":"Information about APT\u2019s EU-funded projects, including digital transformation and innovation initiatives supported by European Union financing.","robots":{"index":"index","follow":"follow","max-snippet":"max-snippet:-1","max-image-preview":"max-image-preview:large","max-video-preview":"max-video-preview:-1"},"canonical":"https:\/\/apt.cz\/en\/en-eu-funded-projects-innovation\/","og_locale":"en_US","og_type":"article","og_title":"EU Projects \u2013 EU-Funded Innovation & Digital Development | APT","og_description":"Information about APT\u2019s EU-funded projects, including digital transformation and innovation initiatives supported by European Union financing.","og_url":"https:\/\/apt.cz\/en\/en-eu-funded-projects-innovation\/","og_site_name":"APT","article_publisher":"https:\/\/www.facebook.com\/APT.Gas.Technologies","article_modified_time":"2026-01-15T12:14:13+00:00","og_image":[{"url":"https:\/\/apt.cz\/wp-content\/uploads\/2025\/10\/EU_digi-1119x1536-1-746x1024.webp","type":"","width":"","height":""}],"twitter_card":"summary_large_image","twitter_site":"@AptGasTech","schema":{"@context":"https:\/\/schema.org","@graph":[{"@type":"WebPage","@id":"https:\/\/apt.cz\/en\/en-eu-funded-projects-innovation\/","url":"https:\/\/apt.cz\/en\/en-eu-funded-projects-innovation\/","name":"EU Projects \u2013 EU-Funded Innovation & Digital Development | APT","isPartOf":{"@id":"https:\/\/apt.cz\/#website"},"primaryImageOfPage":{"@id":"https:\/\/apt.cz\/en\/en-eu-funded-projects-innovation\/#primaryimage"},"image":{"@id":"https:\/\/apt.cz\/en\/en-eu-funded-projects-innovation\/#primaryimage"},"thumbnailUrl":"https:\/\/apt.cz\/wp-content\/uploads\/2025\/10\/EU_digi-1119x1536-1-746x1024.webp","datePublished":"2025-02-06T22:46:36+00:00","dateModified":"2026-01-15T12:14:13+00:00","description":"Information about APT\u2019s EU-funded projects, including digital transformation and innovation initiatives supported by European Union financing.","breadcrumb":{"@id":"https:\/\/apt.cz\/en\/en-eu-funded-projects-innovation\/#breadcrumb"},"inLanguage":"en-US","potentialAction":[{"@type":"ReadAction","target":["https:\/\/apt.cz\/en\/en-eu-funded-projects-innovation\/"]}]},{"@type":"ImageObject","inLanguage":"en-US","@id":"https:\/\/apt.cz\/en\/en-eu-funded-projects-innovation\/#primaryimage","url":"https:\/\/apt.cz\/wp-content\/uploads\/2025\/10\/EU_digi-1119x1536-1-746x1024.webp","contentUrl":"https:\/\/apt.cz\/wp-content\/uploads\/2025\/10\/EU_digi-1119x1536-1-746x1024.webp"},{"@type":"BreadcrumbList","@id":"https:\/\/apt.cz\/en\/en-eu-funded-projects-innovation\/#breadcrumb","itemListElement":[{"@type":"ListItem","position":1,"name":"Dom\u016f","item":"https:\/\/apt.cz\/en\/"},{"@type":"ListItem","position":2,"name":"EU projects"}]},{"@type":"WebSite","@id":"https:\/\/apt.cz\/#website","url":"https:\/\/apt.cz\/","name":"APT - Process Technologies & Automation","description":"Kompletn\u00ed dod\u00e1vky procesn\u00edch technologi\u00ed","publisher":{"@id":"https:\/\/apt.cz\/#organization"},"potentialAction":[{"@type":"SearchAction","target":{"@type":"EntryPoint","urlTemplate":"https:\/\/apt.cz\/?s={search_term_string}"},"query-input":{"@type":"PropertyValueSpecification","valueRequired":true,"valueName":"search_term_string"}}],"inLanguage":"en-US"},{"@type":"Organization","@id":"https:\/\/apt.cz\/#organization","name":"APT - Process Technologies & Automation","url":"https:\/\/apt.cz\/","logo":{"@type":"ImageObject","inLanguage":"en-US","@id":"https:\/\/apt.cz\/#\/schema\/logo\/image\/","url":"https:\/\/apt.cz\/wp-content\/uploads\/2025\/11\/APT-EG_C-1-scaled.webp","contentUrl":"https:\/\/apt.cz\/wp-content\/uploads\/2025\/11\/APT-EG_C-1-scaled.webp","width":2560,"height":1535,"caption":"APT - Process Technologies & Automation"},"image":{"@id":"https:\/\/apt.cz\/#\/schema\/logo\/image\/"},"sameAs":["https:\/\/www.facebook.com\/APT.Gas.Technologies","https:\/\/x.com\/AptGasTech"]}]}},"_links":{"self":[{"href":"https:\/\/apt.cz\/en\/wp-json\/wp\/v2\/pages\/1236","targetHints":{"allow":["GET"]}}],"collection":[{"href":"https:\/\/apt.cz\/en\/wp-json\/wp\/v2\/pages"}],"about":[{"href":"https:\/\/apt.cz\/en\/wp-json\/wp\/v2\/types\/page"}],"author":[{"embeddable":true,"href":"https:\/\/apt.cz\/en\/wp-json\/wp\/v2\/users\/1"}],"replies":[{"embeddable":true,"href":"https:\/\/apt.cz\/en\/wp-json\/wp\/v2\/comments?post=1236"}],"version-history":[{"count":6,"href":"https:\/\/apt.cz\/en\/wp-json\/wp\/v2\/pages\/1236\/revisions"}],"predecessor-version":[{"id":2998,"href":"https:\/\/apt.cz\/en\/wp-json\/wp\/v2\/pages\/1236\/revisions\/2998"}],"wp:attachment":[{"href":"https:\/\/apt.cz\/en\/wp-json\/wp\/v2\/media?parent=1236"}],"curies":[{"name":"wp","href":"https:\/\/api.w.org\/{rel}","templated":true}]}}